{"id":12849,"date":"2022-09-03T21:10:25","date_gmt":"2022-09-04T01:10:25","guid":{"rendered":"https:\/\/benetflorentine.com\/?page_id=12849"},"modified":"2025-08-01T13:18:50","modified_gmt":"2025-08-01T17:18:50","slug":"midi","status":"publish","type":"page","link":"http:\/\/143.110.209.188\/fr\/menu\/midi\/","title":{"rendered":"Menu du midi"},"content":{"rendered":"<div class=\"gb-container gb-container-0b062dd1 staticPage-header-container menuPage alignfull\"><div class=\"gb-inside-container\">\n\n<h1 class=\"wp-block-heading\">Menu <strong>Midi<\/strong><\/h1>\n\n\n\n<p>(Dans les restaurants participants seulement)<\/p>\n\n\n\n<p>\u00c9tirez le plaisir jusqu\u2019\u00e0 15 h avec notre menu du midi, parfait pour une rencontre entre coll\u00e8gues, amis ou famille.<\/p>\n\n<\/div><\/div>\n\n\n<div class=\"gb-headline gb-headline-c646a201 gb-headline-text subMenu-anchor\" id=\"dents-sucrees\"><\/div>\n\n\n<div class=\"gb-grid-wrapper gb-grid-wrapper-66aaa19e grid-menu\">\n<div class=\"gb-grid-column gb-grid-column-a89f9c43\"><div class=\"gb-container gb-container-a89f9c43 grid-menu-image\"><div class=\"gb-inside-container\"><\/div><\/div><\/div>\n\n<div class=\"gb-grid-column gb-grid-column-70c06613\"><div class=\"gb-container gb-container-70c06613 grid-menu-text\"><div class=\"gb-inside-container\">\n\n<h2 class=\"wp-block-heading\">Menu <strong><strong>Midi<\/strong><\/strong><\/h2>\n\n\n\n<p class=\"gb-headline gb-headline-6fbb5eff gb-headline-text\">Dans les restaurants participants seulement.<\/p>\n\n\n\n<p>Du lundi au vendredi, d\u00e8s 11h (sauf jours f\u00e9ri\u00e9s)<\/p>\n\n\n\n<p class=\"gb-headline gb-headline-7095f49f gb-headline-text\">Caf\u00e9, th\u00e9 en feuilles ou boisson gazeuse inclus.<\/p>\n\n\n\n<div class=\"gb-grid-wrapper gb-grid-wrapper-ae18bfb6 gb-query-loop-wrapper\">\n<div class=\"gb-grid-column gb-grid-column-d721e44f gb-query-loop-item post-18539 produits type-produits status-publish hentry category-midi\"><div class=\"gb-container gb-container-d721e44f\"><div class=\"gb-inside-container\">\n<h3 class=\"gb-headline gb-headline-29db3b6c gb-headline-text\">Salade de poulet, ch\u00e8vre &amp; fraises<\/h3>\n\n<p class=\"gb-headline gb-headline-041026ec gb-headline-text\">Laitue, fraises, oignons rouges, fromage de ch\u00e8vre et poulet grill\u00e9. Servie avec vinaigrette Dijon-\u00e9rable<\/p>\n<\/div><\/div><\/div>\n\n<div class=\"gb-grid-column gb-grid-column-d721e44f gb-query-loop-item post-17962 produits type-produits status-publish hentry category-midi\"><div class=\"gb-container gb-container-d721e44f\"><div class=\"gb-inside-container\">\n<h3 class=\"gb-headline gb-headline-29db3b6c gb-headline-text\">Burger poulet croustillant<\/h3>\n\n<p class=\"gb-headline gb-headline-041026ec gb-headline-text\">Poulet croustillant, chou rouge marin\u00e9, miel, laitue et fromage suisse<\/p>\n<\/div><\/div><\/div>\n\n<div class=\"gb-grid-column gb-grid-column-d721e44f gb-query-loop-item post-17956 produits type-produits status-publish hentry category-midi\"><div class=\"gb-container gb-container-d721e44f\"><div class=\"gb-inside-container\">\n<h3 class=\"gb-headline gb-headline-29db3b6c gb-headline-text\">B\u00e9n\u00e9 poulet croustillant<\/h3>\n\n<p class=\"gb-headline gb-headline-041026ec gb-headline-text\">\u0152ufs poch\u00e9s, muffin anglais, poulet croustillant, chou rouge marin\u00e9, fromage suisse et sauce hollandaise\n<\/p>\n<\/div><\/div><\/div>\n\n<div class=\"gb-grid-column gb-grid-column-d721e44f gb-query-loop-item post-16911 produits type-produits status-publish hentry category-midi category-primeur-fr\"><div class=\"gb-container gb-container-d721e44f\"><div class=\"gb-inside-container\">\n<h3 class=\"gb-headline gb-headline-29db3b6c gb-headline-text\">Wrap trois viandes<\/h3>\n\n<p class=\"gb-headline gb-headline-041026ec gb-headline-text\">Bacon, jambon, saucisses, oeuf, laitue, tomates, m\u00e9lange de poivrons, oignons caram\u00e9lis\u00e9s, m\u00e9lange de Monterey Jack et cheddar sur tortilla de bl\u00e9 entier. Servi avec frites assaisonn\u00e9es &#038; sauce chipotle<\/p>\n<\/div><\/div><\/div>\n\n<div class=\"gb-grid-column gb-grid-column-d721e44f gb-query-loop-item post-15643 produits type-produits status-publish hentry category-midi\"><div class=\"gb-container gb-container-d721e44f\"><div class=\"gb-inside-container\">\n<h3 class=\"gb-headline gb-headline-29db3b6c gb-headline-text\">Wrap l\u00e9gumes grill\u00e9s &#038; ch\u00e8vre<\/h3>\n\n<p class=\"gb-headline gb-headline-041026ec gb-headline-text\">Champignons portobello, olives Kalamata, m\u00e9lange de poivrons, oignons rouges et fromage de ch\u00e8vre sur tortilla de bl\u00e9 entier. Servi avec frites assaisonn\u00e9es &#038; sauce chipotle<\/p>\n<\/div><\/div><\/div>\n<\/div>\n\n<\/div><\/div><\/div>\n<\/div>\n\n\n<div class=\"gb-headline gb-headline-9471ba92 gb-headline-text subMenu-anchor\" id=\"dents-sucrees\"><\/div>\n\n\n<div class=\"gb-grid-wrapper gb-grid-wrapper-5d2c108a grid-menu\">\n<div class=\"gb-grid-column gb-grid-column-88541922\"><div class=\"gb-container gb-container-88541922 grid-menu-image\"><div class=\"gb-inside-container\"><\/div><\/div><\/div>\n\n<div class=\"gb-grid-column gb-grid-column-aa4ef3e5\"><div class=\"gb-container gb-container-aa4ef3e5 grid-menu-text\"><div class=\"gb-inside-container\">\n\n<h2 class=\"wp-block-heading\">Sandwichs<\/h2>\n\n\n<div class=\"gb-container gb-container-2c011121\">\n\n<h3 class=\"gb-headline gb-headline-63f6affc gb-headline-text\">disponibles en tout temps!<\/h3>\n\n<\/div>\n\n\n<p>\u00c0 toute heure du jour, nos sandwichs sont pr\u00eats \u00e0 vous surprendre avec leurs garnitures qui d\u00e9bordent de saveur! Fini les dilemmes, nos cr\u00e9ations sont disponibles en tout temps, juste pour vous!<\/p>\n\n\n\n<div class=\"wp-block-stackable-button-group stk-block-button-group stk-block stk-c684c5f\" data-block-id=\"c684c5f\"><div class=\"stk-row stk-inner-blocks stk-block-content stk-button-group\">\n<div class=\"wp-block-stackable-button stk-block-button stk-block stk-184f7cc\" data-block-id=\"184f7cc\"><style>.stk-184f7cc .stk-button{background:var(--orange) !important;}.stk-184f7cc .stk-button__inner-text{color:var(--base-3) !important;}<\/style><a class=\"stk-link stk-button stk--hover-effect-darken\" href=\"https:\/\/benetflorentine.com\/fr\/menu\/sandwichs-burgers\/\"><span class=\"has-text-color stk-button__inner-text\">D\u00e9couvrir nos sandwichs<\/span><\/a><\/div>\n<\/div><\/div>\n\n<\/div><\/div><\/div>\n<\/div>\n\n\n<div class=\"gb-headline gb-headline-0960ec1a gb-headline-text menuPage-background\"><\/div>\n\n\n\n<div class=\"wp-block-columns page-promotion-container is-layout-flex wp-container-core-columns-is-layout-9d6595d7 wp-block-columns-is-layout-flex\">\n<div class=\"wp-block-column is-layout-flow wp-block-column-is-layout-flow\"><div class=\"gb-container gb-container-0da3f226 page-promotion-block\"><div class=\"gb-inside-container\">\n\n<div class=\"wp-block-columns is-layout-flex wp-container-core-columns-is-layout-9d6595d7 wp-block-columns-is-layout-flex\">\n<div class=\"wp-block-column is-layout-flow wp-block-column-is-layout-flow\">\n<h2 class=\"gb-headline gb-headline-944318d1 gb-headline-text\">Menu <strong>du l\u00e8ve-t\u00f4t<\/strong><\/h2>\n\n\n\n<p>D\u00e9jeunez comme un champion pour passer une excellente journ\u00e9e.<\/p>\n\n\n\n<div class=\"wp-block-buttons alignwide is-layout-flex wp-block-buttons-is-layout-flex\">\n<div class=\"wp-block-button button-outline aligncenter\"><a class=\"wp-block-button__link wp-element-button\" href=\"\/fr\/menu\/leve-tot\/\">D\u00e9couvrir<\/a><\/div>\n<\/div>\n<\/div>\n\n\n\n<div class=\"wp-block-column is-layout-flow wp-block-column-is-layout-flow\">\n<figure class=\"wp-block-image size-full\"><img decoding=\"async\" width=\"510\" height=\"510\" src=\"https:\/\/benetflorentine.com\/wp-content\/uploads\/2020\/05\/Leve-tot.png\" alt=\"L\u00e8ve t\u00f4t\" class=\"wp-image-8729\" srcset=\"http:\/\/143.110.209.188\/wp-content\/uploads\/2020\/05\/Leve-tot.png 510w, http:\/\/143.110.209.188\/wp-content\/uploads\/2020\/05\/Leve-tot-400x400.png 400w, http:\/\/143.110.209.188\/wp-content\/uploads\/2020\/05\/Leve-tot-280x280.png 280w, http:\/\/143.110.209.188\/wp-content\/uploads\/2020\/05\/Leve-tot-24x24.png 24w, http:\/\/143.110.209.188\/wp-content\/uploads\/2020\/05\/Leve-tot-36x36.png 36w, http:\/\/143.110.209.188\/wp-content\/uploads\/2020\/05\/Leve-tot-48x48.png 48w\" sizes=\"(max-width: 510px) 100vw, 510px\" \/><\/figure>\n<\/div>\n<\/div>\n\n<\/div><\/div><\/div>\n\n\n\n<div class=\"wp-block-column is-layout-flow wp-block-column-is-layout-flow\"><div class=\"gb-container gb-container-20b354c9 page-promotion-block\"><div class=\"gb-inside-container\">\n\n<div class=\"wp-block-columns is-layout-flex wp-container-core-columns-is-layout-9d6595d7 wp-block-columns-is-layout-flex\">\n<div class=\"wp-block-column is-layout-flow wp-block-column-is-layout-flow\">\n<h2 class=\"gb-headline gb-headline-3e30c076 gb-headline-text\">Coin <strong>des petits<\/strong><\/h2>\n\n\n\n<p>Laissez-les se r\u00e9galer de plats pens\u00e9s sp\u00e9cialement pour eux.<\/p>\n\n\n\n<div class=\"wp-block-buttons alignwide is-layout-flex wp-block-buttons-is-layout-flex\">\n<div class=\"wp-block-button button-outline aligncenter\"><a class=\"wp-block-button__link wp-element-button\" href=\"\/fr\/menu\/choix-enfants\/\">D\u00e9couvrir<\/a><\/div>\n<\/div>\n<\/div>\n\n\n\n<div class=\"wp-block-column is-layout-flow wp-block-column-is-layout-flow\">\n<figure class=\"wp-block-image size-full\"><img decoding=\"async\" width=\"615\" height=\"778\" src=\"https:\/\/benetflorentine.com\/wp-content\/uploads\/2020\/04\/menu-pour-enfants-1.png\" alt=\"menu pour enfants\" class=\"wp-image-8257\" srcset=\"http:\/\/143.110.209.188\/wp-content\/uploads\/2020\/04\/menu-pour-enfants-1.png 615w, http:\/\/143.110.209.188\/wp-content\/uploads\/2020\/04\/menu-pour-enfants-1-316x400.png 316w, http:\/\/143.110.209.188\/wp-content\/uploads\/2020\/04\/menu-pour-enfants-1-19x24.png 19w, http:\/\/143.110.209.188\/wp-content\/uploads\/2020\/04\/menu-pour-enfants-1-28x36.png 28w, http:\/\/143.110.209.188\/wp-content\/uploads\/2020\/04\/menu-pour-enfants-1-38x48.png 38w\" sizes=\"(max-width: 615px) 100vw, 615px\" \/><\/figure>\n<\/div>\n<\/div>\n\n<\/div><\/div><\/div>\n<\/div>\n","protected":false},"excerpt":{"rendered":"<p>Menu Midi (Dans les restaurants participants seulement) \u00c9tirez le plaisir jusqu\u2019\u00e0 15 h avec notre menu du midi, parfait pour une rencontre entre coll\u00e8gues, amis ou famille. Menu du l\u00e8ve-t\u00f4t D\u00e9jeunez comme un champion pour passer une excellente journ\u00e9e. Coin des petits Laissez-les se r\u00e9galer de plats pens\u00e9s sp\u00e9cialement pour eux.<\/p>\n","protected":false},"author":10,"featured_media":15693,"parent":55,"menu_order":0,"comment_status":"closed","ping_status":"closed","template":"","meta":{"inline_featured_image":false,"footnotes":""},"categories":[],"tags":[],"class_list":["post-12849","page","type-page","status-publish","has-post-thumbnail"],"yoast_head":"<!-- This site is optimized with the Yoast SEO plugin v27.3 - https:\/\/yoast.com\/product\/yoast-seo-wordpress\/ -->\n<title>Menu du midi | Ben &amp; Florentine<\/title>\n<meta name=\"description\" content=\"Brunch ou lunch ? Notre menu midi a de quoi combler toutes vos envies.\" \/>\n<meta name=\"robots\" content=\"index, follow, max-snippet:-1, max-image-preview:large, max-video-preview:-1\" \/>\n<link rel=\"canonical\" href=\"http:\/\/143.110.209.188\/fr\/menu\/midi\/\" \/>\n<meta property=\"og:locale\" content=\"fr_FR\" \/>\n<meta property=\"og:type\" content=\"article\" \/>\n<meta property=\"og:title\" content=\"Menu du midi | Ben &amp; Florentine\" \/>\n<meta property=\"og:description\" content=\"Brunch ou lunch ? Notre menu midi a de quoi combler toutes vos envies.\" \/>\n<meta property=\"og:url\" content=\"http:\/\/143.110.209.188\/fr\/menu\/midi\/\" \/>\n<meta property=\"og:site_name\" content=\"Ben &amp; Florentine\" \/>\n<meta property=\"article:modified_time\" content=\"2025-08-01T17:18:50+00:00\" \/>\n<meta property=\"og:image\" content=\"https:\/\/benetflorentine.com\/wp-content\/uploads\/2023\/05\/Poutine_Top_View-scaled.jpg\" \/>\n\t<meta property=\"og:image:width\" content=\"2560\" \/>\n\t<meta property=\"og:image:height\" content=\"2466\" \/>\n\t<meta property=\"og:image:type\" content=\"image\/jpeg\" \/>\n<meta name=\"twitter:card\" content=\"summary_large_image\" \/>\n<meta name=\"twitter:label1\" content=\"Dur\u00e9e de lecture estim\u00e9e\" \/>\n\t<meta name=\"twitter:data1\" content=\"2 minutes\" \/>\n<script type=\"application\/ld+json\" class=\"yoast-schema-graph\">{\"@context\":\"https:\\\/\\\/schema.org\",\"@graph\":[{\"@type\":\"WebPage\",\"@id\":\"http:\\\/\\\/143.110.209.188\\\/fr\\\/menu\\\/midi\\\/\",\"url\":\"http:\\\/\\\/143.110.209.188\\\/fr\\\/menu\\\/midi\\\/\",\"name\":\"Menu du midi | Ben & Florentine\",\"isPartOf\":{\"@id\":\"https:\\\/\\\/benetflorentine.com\\\/fr\\\/#website\"},\"primaryImageOfPage\":{\"@id\":\"http:\\\/\\\/143.110.209.188\\\/fr\\\/menu\\\/midi\\\/#primaryimage\"},\"image\":{\"@id\":\"http:\\\/\\\/143.110.209.188\\\/fr\\\/menu\\\/midi\\\/#primaryimage\"},\"thumbnailUrl\":\"http:\\\/\\\/143.110.209.188\\\/wp-content\\\/uploads\\\/2023\\\/05\\\/Poutine_Top_View-scaled.jpg\",\"datePublished\":\"2022-09-04T01:10:25+00:00\",\"dateModified\":\"2025-08-01T17:18:50+00:00\",\"description\":\"Brunch ou lunch ? Notre menu midi a de quoi combler toutes vos envies.\",\"breadcrumb\":{\"@id\":\"http:\\\/\\\/143.110.209.188\\\/fr\\\/menu\\\/midi\\\/#breadcrumb\"},\"inLanguage\":\"fr-FR\",\"potentialAction\":[{\"@type\":\"ReadAction\",\"target\":[\"http:\\\/\\\/143.110.209.188\\\/fr\\\/menu\\\/midi\\\/\"]}]},{\"@type\":\"ImageObject\",\"inLanguage\":\"fr-FR\",\"@id\":\"http:\\\/\\\/143.110.209.188\\\/fr\\\/menu\\\/midi\\\/#primaryimage\",\"url\":\"http:\\\/\\\/143.110.209.188\\\/wp-content\\\/uploads\\\/2023\\\/05\\\/Poutine_Top_View-scaled.jpg\",\"contentUrl\":\"http:\\\/\\\/143.110.209.188\\\/wp-content\\\/uploads\\\/2023\\\/05\\\/Poutine_Top_View-scaled.jpg\",\"width\":2560,\"height\":2466},{\"@type\":\"BreadcrumbList\",\"@id\":\"http:\\\/\\\/143.110.209.188\\\/fr\\\/menu\\\/midi\\\/#breadcrumb\",\"itemListElement\":[{\"@type\":\"ListItem\",\"position\":1,\"name\":\"Menu\",\"item\":\"https:\\\/\\\/benetflorentine.com\\\/fr\\\/menu\\\/\"},{\"@type\":\"ListItem\",\"position\":2,\"name\":\"Menu du midi\"}]},{\"@type\":\"WebSite\",\"@id\":\"https:\\\/\\\/benetflorentine.com\\\/fr\\\/#website\",\"url\":\"https:\\\/\\\/benetflorentine.com\\\/fr\\\/\",\"name\":\"Ben &amp; Florentine\",\"description\":\"Brunch &amp; Breakfast\u200e\",\"publisher\":{\"@id\":\"https:\\\/\\\/benetflorentine.com\\\/fr\\\/#organization\"},\"potentialAction\":[{\"@type\":\"SearchAction\",\"target\":{\"@type\":\"EntryPoint\",\"urlTemplate\":\"https:\\\/\\\/benetflorentine.com\\\/fr\\\/?s={search_term_string}\"},\"query-input\":{\"@type\":\"PropertyValueSpecification\",\"valueRequired\":true,\"valueName\":\"search_term_string\"}}],\"inLanguage\":\"fr-FR\"},{\"@type\":\"Organization\",\"@id\":\"https:\\\/\\\/benetflorentine.com\\\/fr\\\/#organization\",\"name\":\"Ben &amp; Florentine\",\"url\":\"https:\\\/\\\/benetflorentine.com\\\/fr\\\/\",\"logo\":{\"@type\":\"ImageObject\",\"inLanguage\":\"fr-FR\",\"@id\":\"https:\\\/\\\/benetflorentine.com\\\/fr\\\/#\\\/schema\\\/logo\\\/image\\\/\",\"url\":\"http:\\\/\\\/143.110.209.188\\\/wp-content\\\/uploads\\\/2020\\\/02\\\/cropped-benflorentine_logo.png\",\"contentUrl\":\"http:\\\/\\\/143.110.209.188\\\/wp-content\\\/uploads\\\/2020\\\/02\\\/cropped-benflorentine_logo.png\",\"width\":553,\"height\":206,\"caption\":\"Ben &amp; Florentine\"},\"image\":{\"@id\":\"https:\\\/\\\/benetflorentine.com\\\/fr\\\/#\\\/schema\\\/logo\\\/image\\\/\"}}]}<\/script>\n<!-- \/ Yoast SEO plugin. -->","yoast_head_json":{"title":"Menu du midi | Ben & Florentine","description":"Brunch ou lunch ? Notre menu midi a de quoi combler toutes vos envies.","robots":{"index":"index","follow":"follow","max-snippet":"max-snippet:-1","max-image-preview":"max-image-preview:large","max-video-preview":"max-video-preview:-1"},"canonical":"http:\/\/143.110.209.188\/fr\/menu\/midi\/","og_locale":"fr_FR","og_type":"article","og_title":"Menu du midi | Ben & Florentine","og_description":"Brunch ou lunch ? Notre menu midi a de quoi combler toutes vos envies.","og_url":"http:\/\/143.110.209.188\/fr\/menu\/midi\/","og_site_name":"Ben &amp; Florentine","article_modified_time":"2025-08-01T17:18:50+00:00","og_image":[{"width":2560,"height":2466,"url":"https:\/\/benetflorentine.com\/wp-content\/uploads\/2023\/05\/Poutine_Top_View-scaled.jpg","type":"image\/jpeg"}],"twitter_card":"summary_large_image","twitter_misc":{"Dur\u00e9e de lecture estim\u00e9e":"2 minutes"},"schema":{"@context":"https:\/\/schema.org","@graph":[{"@type":"WebPage","@id":"http:\/\/143.110.209.188\/fr\/menu\/midi\/","url":"http:\/\/143.110.209.188\/fr\/menu\/midi\/","name":"Menu du midi | Ben & Florentine","isPartOf":{"@id":"https:\/\/benetflorentine.com\/fr\/#website"},"primaryImageOfPage":{"@id":"http:\/\/143.110.209.188\/fr\/menu\/midi\/#primaryimage"},"image":{"@id":"http:\/\/143.110.209.188\/fr\/menu\/midi\/#primaryimage"},"thumbnailUrl":"http:\/\/143.110.209.188\/wp-content\/uploads\/2023\/05\/Poutine_Top_View-scaled.jpg","datePublished":"2022-09-04T01:10:25+00:00","dateModified":"2025-08-01T17:18:50+00:00","description":"Brunch ou lunch ? Notre menu midi a de quoi combler toutes vos envies.","breadcrumb":{"@id":"http:\/\/143.110.209.188\/fr\/menu\/midi\/#breadcrumb"},"inLanguage":"fr-FR","potentialAction":[{"@type":"ReadAction","target":["http:\/\/143.110.209.188\/fr\/menu\/midi\/"]}]},{"@type":"ImageObject","inLanguage":"fr-FR","@id":"http:\/\/143.110.209.188\/fr\/menu\/midi\/#primaryimage","url":"http:\/\/143.110.209.188\/wp-content\/uploads\/2023\/05\/Poutine_Top_View-scaled.jpg","contentUrl":"http:\/\/143.110.209.188\/wp-content\/uploads\/2023\/05\/Poutine_Top_View-scaled.jpg","width":2560,"height":2466},{"@type":"BreadcrumbList","@id":"http:\/\/143.110.209.188\/fr\/menu\/midi\/#breadcrumb","itemListElement":[{"@type":"ListItem","position":1,"name":"Menu","item":"https:\/\/benetflorentine.com\/fr\/menu\/"},{"@type":"ListItem","position":2,"name":"Menu du midi"}]},{"@type":"WebSite","@id":"https:\/\/benetflorentine.com\/fr\/#website","url":"https:\/\/benetflorentine.com\/fr\/","name":"Ben &amp; Florentine","description":"Brunch &amp; Breakfast\u200e","publisher":{"@id":"https:\/\/benetflorentine.com\/fr\/#organization"},"potentialAction":[{"@type":"SearchAction","target":{"@type":"EntryPoint","urlTemplate":"https:\/\/benetflorentine.com\/fr\/?s={search_term_string}"},"query-input":{"@type":"PropertyValueSpecification","valueRequired":true,"valueName":"search_term_string"}}],"inLanguage":"fr-FR"},{"@type":"Organization","@id":"https:\/\/benetflorentine.com\/fr\/#organization","name":"Ben &amp; Florentine","url":"https:\/\/benetflorentine.com\/fr\/","logo":{"@type":"ImageObject","inLanguage":"fr-FR","@id":"https:\/\/benetflorentine.com\/fr\/#\/schema\/logo\/image\/","url":"http:\/\/143.110.209.188\/wp-content\/uploads\/2020\/02\/cropped-benflorentine_logo.png","contentUrl":"http:\/\/143.110.209.188\/wp-content\/uploads\/2020\/02\/cropped-benflorentine_logo.png","width":553,"height":206,"caption":"Ben &amp; Florentine"},"image":{"@id":"https:\/\/benetflorentine.com\/fr\/#\/schema\/logo\/image\/"}}]}},"_links":{"self":[{"href":"http:\/\/143.110.209.188\/fr\/wp-json\/wp\/v2\/pages\/12849","targetHints":{"allow":["GET"]}}],"collection":[{"href":"http:\/\/143.110.209.188\/fr\/wp-json\/wp\/v2\/pages"}],"about":[{"href":"http:\/\/143.110.209.188\/fr\/wp-json\/wp\/v2\/types\/page"}],"author":[{"embeddable":true,"href":"http:\/\/143.110.209.188\/fr\/wp-json\/wp\/v2\/users\/10"}],"replies":[{"embeddable":true,"href":"http:\/\/143.110.209.188\/fr\/wp-json\/wp\/v2\/comments?post=12849"}],"version-history":[{"count":26,"href":"http:\/\/143.110.209.188\/fr\/wp-json\/wp\/v2\/pages\/12849\/revisions"}],"predecessor-version":[{"id":19804,"href":"http:\/\/143.110.209.188\/fr\/wp-json\/wp\/v2\/pages\/12849\/revisions\/19804"}],"up":[{"embeddable":true,"href":"http:\/\/143.110.209.188\/fr\/wp-json\/wp\/v2\/pages\/55"}],"wp:featuredmedia":[{"embeddable":true,"href":"http:\/\/143.110.209.188\/fr\/wp-json\/wp\/v2\/media\/15693"}],"wp:attachment":[{"href":"http:\/\/143.110.209.188\/fr\/wp-json\/wp\/v2\/media?parent=12849"}],"wp:term":[{"taxonomy":"category","embeddable":true,"href":"http:\/\/143.110.209.188\/fr\/wp-json\/wp\/v2\/categories?post=12849"},{"taxonomy":"post_tag","embeddable":true,"href":"http:\/\/143.110.209.188\/fr\/wp-json\/wp\/v2\/tags?post=12849"}],"curies":[{"name":"wp","href":"https:\/\/api.w.org\/{rel}","templated":true}]}}