{"id":12853,"date":"2022-09-03T21:15:04","date_gmt":"2022-09-04T01:15:04","guid":{"rendered":"https:\/\/benetflorentine.com\/?page_id=12853"},"modified":"2026-04-30T18:49:14","modified_gmt":"2026-04-30T22:49:14","slug":"leve-tot","status":"publish","type":"page","link":"http:\/\/143.110.209.188\/fr\/menu\/leve-tot\/","title":{"rendered":"Menu du l\u00e8ve-t\u00f4t"},"content":{"rendered":"<div class=\"gb-container gb-container-0b062dd1 staticPage-header-container menuPage alignfull\"><div class=\"gb-inside-container\">\n\n<h1 class=\"wp-block-heading\">Menu <strong>du l\u00e8ve-t\u00f4t<\/strong><\/h1>\n\n\n\n<p>D\u00e9jeunez comme un champion pour passer une excellente journ\u00e9e.<\/p>\n\n<\/div><\/div>\n\n\n<div class=\"gb-headline gb-headline-c646a201 gb-headline-text subMenu-anchor\" id=\"dents-sucrees\"><\/div>\n\n\n<div class=\"gb-grid-wrapper gb-grid-wrapper-66aaa19e grid-menu\">\n<div class=\"gb-grid-column gb-grid-column-a89f9c43\"><div class=\"gb-container gb-container-a89f9c43 grid-menu-image\"><div class=\"gb-inside-container\"><\/div><\/div><\/div>\n\n<div class=\"gb-grid-column gb-grid-column-aa4ef3e5\"><div class=\"gb-container gb-container-aa4ef3e5 grid-menu-text\"><div class=\"gb-inside-container\">\n\n<h2 class=\"wp-block-heading\">Menu <strong><strong>du l\u00e8ve-t\u00f4t<\/strong><\/strong><\/h2>\n\n\n\n<p>DU LUNDI AU VENDREDI DE 6 H \u00c0 8 H 30 (sauf jours f\u00e9ri\u00e9s)<\/p>\n\n\n\n<div class=\"gb-grid-wrapper gb-grid-wrapper-542308cf gb-query-loop-wrapper\">\n<div class=\"gb-grid-column gb-grid-column-6dda88fe gb-query-loop-item post-2149 produits type-produits status-publish hentry category-menu-du-leve-tot\"><div class=\"gb-container gb-container-6dda88fe\"><div class=\"gb-inside-container\">\n<h3 class=\"gb-headline gb-headline-4dcb8768 gb-headline-text\">BAGEL BLT etc.<\/h3>\n\n<p class=\"gb-headline gb-headline-59bc1b02 gb-headline-text\">\u0152uf crev\u00e9, bacon, laitue et tomates. Servi avec nos fameuses pommes de terre<\/p>\n<\/div><\/div><\/div>\n\n<div class=\"gb-grid-column gb-grid-column-6dda88fe gb-query-loop-item post-18552 produits type-produits status-publish hentry category-menu-du-leve-tot\"><div class=\"gb-container gb-container-6dda88fe\"><div class=\"gb-inside-container\">\n<h3 class=\"gb-headline gb-headline-4dcb8768 gb-headline-text\">B\u00c9N\u00c9DICTINE BACON<\/h3>\n\n<p class=\"gb-headline gb-headline-59bc1b02 gb-headline-text\">\u0152uf poch\u00e9 (1), muffin anglais, bacon et sauce hollandaise. Servi avec nos fameuses pommes de terre et des fruits frais <\/p>\n<\/div><\/div><\/div>\n\n<div class=\"gb-grid-column gb-grid-column-6dda88fe gb-query-loop-item post-3382 produits type-produits status-publish hentry category-menu-du-leve-tot\"><div class=\"gb-container gb-container-6dda88fe\"><div class=\"gb-inside-container\">\n<h3 class=\"gb-headline gb-headline-4dcb8768 gb-headline-text\">DEUX OEUFS + 1 Choix<\/h3>\n\n<p class=\"gb-headline gb-headline-59bc1b02 gb-headline-text\">2 \u0153ufs et un choix de bacon, jambon ou saucisses. Servis avec nos fameuses pommes de terre, de la compote de pommes et des r\u00f4ties<br \/>\n<\/p>\n<\/div><\/div><\/div>\n\n<div class=\"gb-grid-column gb-grid-column-6dda88fe gb-query-loop-item post-21215 produits type-produits status-publish hentry category-leve-tot category-menu-du-leve-tot\"><div class=\"gb-container gb-container-6dda88fe\"><div class=\"gb-inside-container\">\n<h3 class=\"gb-headline gb-headline-4dcb8768 gb-headline-text\">DEUX OEUFS + 2 Choix<\/h3>\n\n<p class=\"gb-headline gb-headline-59bc1b02 gb-headline-text\">2 \u0153ufs et deux choix de bacon, jambon ou saucisses. Servis avec nos fameuses pommes de terre, de la compote de pommes et des r\u00f4ties<\/p>\n<\/div><\/div><\/div>\n\n<div class=\"gb-grid-column gb-grid-column-6dda88fe gb-query-loop-item post-21222 produits type-produits status-publish hentry category-menu-du-leve-tot\"><div class=\"gb-container gb-container-6dda88fe\"><div class=\"gb-inside-container\">\n<h3 class=\"gb-headline gb-headline-4dcb8768 gb-headline-text\">OMELETTE \u00ab WESTERN \u00bb<\/h3>\n\n<p class=\"gb-headline gb-headline-59bc1b02 gb-headline-text\">Jambon, poivrons et oignons caram\u00e9lis\u00e9s. Servie avec nos fameuses pommes de terre, de la compote de pommes et des r\u00f4ties<\/p>\n<\/div><\/div><\/div>\n\n<div class=\"gb-grid-column gb-grid-column-6dda88fe gb-query-loop-item post-3380 produits type-produits status-publish hentry category-menu-du-leve-tot\"><div class=\"gb-container gb-container-6dda88fe\"><div class=\"gb-inside-container\">\n<h3 class=\"gb-headline gb-headline-4dcb8768 gb-headline-text\">\u00abGRILLED CHEESE\u00bb AU JAMBON<\/h3>\n\n<p class=\"gb-headline gb-headline-59bc1b02 gb-headline-text\">Pain 12 grains, jambon et tranche de cheddar. Servi avec nos fameuses pommes de terre<\/p>\n<\/div><\/div><\/div>\n\n<div class=\"gb-grid-column gb-grid-column-6dda88fe gb-query-loop-item post-3376 produits type-produits status-publish hentry category-menu-du-leve-tot\"><div class=\"gb-container gb-container-6dda88fe\"><div class=\"gb-inside-container\">\n<h3 class=\"gb-headline gb-headline-4dcb8768 gb-headline-text\">GRUAU MATINAL<\/h3>\n\n<p class=\"gb-headline gb-headline-59bc1b02 gb-headline-text\">Bananes, fraises, cr\u00e8me et cassonade. Servi avec des r\u00f4ties<\/p>\n<\/div><\/div><\/div>\n<\/div>\n\n<\/div><\/div><\/div>\n<\/div>\n\n\n<div class=\"gb-headline gb-headline-0960ec1a gb-headline-text menuPage-background\"><\/div>\n\n\n\n<div class=\"wp-block-columns page-promotion-container is-layout-flex wp-container-core-columns-is-layout-9d6595d7 wp-block-columns-is-layout-flex\">\n<div class=\"wp-block-column is-layout-flow wp-block-column-is-layout-flow\"><div class=\"gb-container gb-container-0da3f226 page-promotion-block\"><div class=\"gb-inside-container\">\n\n<div class=\"wp-block-columns is-layout-flex wp-container-core-columns-is-layout-9d6595d7 wp-block-columns-is-layout-flex\">\n<div class=\"wp-block-column is-layout-flow wp-block-column-is-layout-flow\">\n<h2 class=\"gb-headline gb-headline-3e30c076 gb-headline-text\">Cocktails <strong>signature<\/strong><\/h2>\n\n\n\n<p>Des cr\u00e9ations audacieuses, originales et parfaitement balanc\u00e9es pour \u00e9lever chaque brunch.<\/p>\n\n\n\n<div class=\"wp-block-buttons alignwide is-layout-flex wp-block-buttons-is-layout-flex\">\n<div class=\"wp-block-button button-outline aligncenter\"><a class=\"wp-block-button__link wp-element-button\" href=\"https:\/\/benetflorentine.com\/fr\/menu\/cocktails-signature\/\">D\u00e9couvrir<\/a><\/div>\n<\/div>\n<\/div>\n\n\n\n<div class=\"wp-block-column is-layout-flow wp-block-column-is-layout-flow\">\n<figure class=\"wp-block-image size-full\"><img decoding=\"async\" width=\"607\" height=\"681\" src=\"https:\/\/benetflorentine.com\/wp-content\/uploads\/2026\/04\/Capture-decran-2026-04-28-171551.png\" alt=\"\" class=\"wp-image-21286\" srcset=\"http:\/\/143.110.209.188\/wp-content\/uploads\/2026\/04\/Capture-decran-2026-04-28-171551.png 607w, http:\/\/143.110.209.188\/wp-content\/uploads\/2026\/04\/Capture-decran-2026-04-28-171551-357x400.png 357w, http:\/\/143.110.209.188\/wp-content\/uploads\/2026\/04\/Capture-decran-2026-04-28-171551-21x24.png 21w, http:\/\/143.110.209.188\/wp-content\/uploads\/2026\/04\/Capture-decran-2026-04-28-171551-32x36.png 32w, http:\/\/143.110.209.188\/wp-content\/uploads\/2026\/04\/Capture-decran-2026-04-28-171551-43x48.png 43w\" sizes=\"(max-width: 607px) 100vw, 607px\" \/><\/figure>\n<\/div>\n<\/div>\n\n<\/div><\/div><\/div>\n\n\n\n<div class=\"wp-block-column is-layout-flow wp-block-column-is-layout-flow\"><div class=\"gb-container gb-container-20b354c9 page-promotion-block\"><div class=\"gb-inside-container\">\n\n<div class=\"wp-block-columns is-layout-flex wp-container-core-columns-is-layout-9d6595d7 wp-block-columns-is-layout-flex\">\n<div class=\"wp-block-column is-layout-flow wp-block-column-is-layout-flow\">\n<h2 class=\"gb-headline gb-headline-494ea12c gb-headline-text\">Bols et <strong>Salades<\/strong><\/h2>\n\n\n\n<p>\u00c9tirez le plaisir jusqu&rsquo;\u00e0 15 h avec nos nouveaux bols et salades.<\/p>\n\n\n\n<div class=\"wp-block-buttons alignwide is-layout-flex wp-block-buttons-is-layout-flex\">\n<div class=\"wp-block-button button-outline aligncenter\"><a class=\"wp-block-button__link wp-element-button\" href=\"https:\/\/benetflorentine.com\/fr\/menu\/midi\/\">D\u00e9couvrir<\/a><\/div>\n<\/div>\n<\/div>\n\n\n\n<div class=\"wp-block-column is-layout-flow wp-block-column-is-layout-flow\">\n<figure class=\"wp-block-image size-full\"><img decoding=\"async\" width=\"1299\" height=\"1063\" src=\"https:\/\/benetflorentine.com\/wp-content\/uploads\/2026\/04\/Design-sans-titre-7.jpg\" alt=\"\" class=\"wp-image-21385\" srcset=\"http:\/\/143.110.209.188\/wp-content\/uploads\/2026\/04\/Design-sans-titre-7.jpg 1299w, http:\/\/143.110.209.188\/wp-content\/uploads\/2026\/04\/Design-sans-titre-7-489x400.jpg 489w, http:\/\/143.110.209.188\/wp-content\/uploads\/2026\/04\/Design-sans-titre-7-978x800.jpg 978w, http:\/\/143.110.209.188\/wp-content\/uploads\/2026\/04\/Design-sans-titre-7-768x628.jpg 768w, http:\/\/143.110.209.188\/wp-content\/uploads\/2026\/04\/Design-sans-titre-7-24x20.jpg 24w, http:\/\/143.110.209.188\/wp-content\/uploads\/2026\/04\/Design-sans-titre-7-36x29.jpg 36w, http:\/\/143.110.209.188\/wp-content\/uploads\/2026\/04\/Design-sans-titre-7-48x39.jpg 48w\" sizes=\"(max-width: 1299px) 100vw, 1299px\" \/><\/figure>\n<\/div>\n<\/div>\n\n<\/div><\/div><\/div>\n<\/div>\n\n\n\n<p><\/p>\n","protected":false},"excerpt":{"rendered":"<p>Menu du l\u00e8ve-t\u00f4t D\u00e9jeunez comme un champion pour passer une excellente journ\u00e9e. Cocktails signature Des cr\u00e9ations audacieuses, originales et parfaitement balanc\u00e9es pour \u00e9lever chaque brunch. Bols et Salades \u00c9tirez le plaisir jusqu&rsquo;\u00e0 15 h avec nos nouveaux bols et salades.<\/p>\n","protected":false},"author":10,"featured_media":0,"parent":55,"menu_order":0,"comment_status":"closed","ping_status":"closed","template":"","meta":{"inline_featured_image":false,"footnotes":""},"categories":[],"tags":[],"class_list":["post-12853","page","type-page","status-publish"],"yoast_head":"<!-- This site is optimized with the Yoast SEO plugin v27.5 - https:\/\/yoast.com\/product\/yoast-seo-wordpress\/ -->\n<title>Menu du l\u00e8ve-t\u00f4t | Ben &amp; Florentine<\/title>\n<meta name=\"description\" content=\"D\u00e9j\u00e0 debout ? Pas de soucis ! Profitez de nos plats pens\u00e9s pour vous aider \u00e0 partir la journ\u00e9e du bon pied.\" \/>\n<meta name=\"robots\" content=\"index, follow, max-snippet:-1, max-image-preview:large, max-video-preview:-1\" \/>\n<link rel=\"canonical\" href=\"http:\/\/143.110.209.188\/fr\/menu\/leve-tot\/\" \/>\n<meta property=\"og:locale\" content=\"fr_FR\" \/>\n<meta property=\"og:type\" content=\"article\" \/>\n<meta property=\"og:title\" content=\"Menu du l\u00e8ve-t\u00f4t | Ben &amp; Florentine\" \/>\n<meta property=\"og:description\" content=\"D\u00e9j\u00e0 debout ? Pas de soucis ! Profitez de nos plats pens\u00e9s pour vous aider \u00e0 partir la journ\u00e9e du bon pied.\" \/>\n<meta property=\"og:url\" content=\"http:\/\/143.110.209.188\/fr\/menu\/leve-tot\/\" \/>\n<meta property=\"og:site_name\" content=\"Ben &amp; Florentine\" \/>\n<meta property=\"article:modified_time\" content=\"2026-04-30T22:49:14+00:00\" \/>\n<meta property=\"og:image\" content=\"http:\/\/143.110.209.188\/wp-content\/uploads\/2026\/04\/Capture-decran-2026-04-28-171551.png\" \/>\n\t<meta property=\"og:image:width\" content=\"607\" \/>\n\t<meta property=\"og:image:height\" content=\"681\" \/>\n\t<meta property=\"og:image:type\" content=\"image\/png\" \/>\n<meta name=\"twitter:card\" content=\"summary_large_image\" \/>\n<meta name=\"twitter:label1\" content=\"Dur\u00e9e de lecture estim\u00e9e\" \/>\n\t<meta name=\"twitter:data1\" content=\"1 minute\" \/>\n<script type=\"application\/ld+json\" class=\"yoast-schema-graph\">{\"@context\":\"https:\\\/\\\/schema.org\",\"@graph\":[{\"@type\":\"WebPage\",\"@id\":\"http:\\\/\\\/143.110.209.188\\\/fr\\\/menu\\\/leve-tot\\\/\",\"url\":\"http:\\\/\\\/143.110.209.188\\\/fr\\\/menu\\\/leve-tot\\\/\",\"name\":\"Menu du l\u00e8ve-t\u00f4t | Ben &amp; Florentine\",\"isPartOf\":{\"@id\":\"https:\\\/\\\/benetflorentine.com\\\/fr\\\/#website\"},\"primaryImageOfPage\":{\"@id\":\"http:\\\/\\\/143.110.209.188\\\/fr\\\/menu\\\/leve-tot\\\/#primaryimage\"},\"image\":{\"@id\":\"http:\\\/\\\/143.110.209.188\\\/fr\\\/menu\\\/leve-tot\\\/#primaryimage\"},\"thumbnailUrl\":\"https:\\\/\\\/benetflorentine.com\\\/wp-content\\\/uploads\\\/2026\\\/04\\\/Capture-decran-2026-04-28-171551.png\",\"datePublished\":\"2022-09-04T01:15:04+00:00\",\"dateModified\":\"2026-04-30T22:49:14+00:00\",\"description\":\"D\u00e9j\u00e0 debout ? Pas de soucis ! Profitez de nos plats pens\u00e9s pour vous aider \u00e0 partir la journ\u00e9e du bon pied.\",\"breadcrumb\":{\"@id\":\"http:\\\/\\\/143.110.209.188\\\/fr\\\/menu\\\/leve-tot\\\/#breadcrumb\"},\"inLanguage\":\"fr-FR\",\"potentialAction\":[{\"@type\":\"ReadAction\",\"target\":[\"http:\\\/\\\/143.110.209.188\\\/fr\\\/menu\\\/leve-tot\\\/\"]}]},{\"@type\":\"ImageObject\",\"inLanguage\":\"fr-FR\",\"@id\":\"http:\\\/\\\/143.110.209.188\\\/fr\\\/menu\\\/leve-tot\\\/#primaryimage\",\"url\":\"https:\\\/\\\/benetflorentine.com\\\/wp-content\\\/uploads\\\/2026\\\/04\\\/Capture-decran-2026-04-28-171551.png\",\"contentUrl\":\"https:\\\/\\\/benetflorentine.com\\\/wp-content\\\/uploads\\\/2026\\\/04\\\/Capture-decran-2026-04-28-171551.png\"},{\"@type\":\"BreadcrumbList\",\"@id\":\"http:\\\/\\\/143.110.209.188\\\/fr\\\/menu\\\/leve-tot\\\/#breadcrumb\",\"itemListElement\":[{\"@type\":\"ListItem\",\"position\":1,\"name\":\"Menu\",\"item\":\"https:\\\/\\\/benetflorentine.com\\\/fr\\\/menu\\\/\"},{\"@type\":\"ListItem\",\"position\":2,\"name\":\"Menu du l\u00e8ve-t\u00f4t\"}]},{\"@type\":\"WebSite\",\"@id\":\"https:\\\/\\\/benetflorentine.com\\\/fr\\\/#website\",\"url\":\"https:\\\/\\\/benetflorentine.com\\\/fr\\\/\",\"name\":\"Ben &amp; Florentine\",\"description\":\"Brunch &amp; Breakfast\u200e\",\"publisher\":{\"@id\":\"https:\\\/\\\/benetflorentine.com\\\/fr\\\/#organization\"},\"potentialAction\":[{\"@type\":\"SearchAction\",\"target\":{\"@type\":\"EntryPoint\",\"urlTemplate\":\"https:\\\/\\\/benetflorentine.com\\\/fr\\\/?s={search_term_string}\"},\"query-input\":{\"@type\":\"PropertyValueSpecification\",\"valueRequired\":true,\"valueName\":\"search_term_string\"}}],\"inLanguage\":\"fr-FR\"},{\"@type\":\"Organization\",\"@id\":\"https:\\\/\\\/benetflorentine.com\\\/fr\\\/#organization\",\"name\":\"Ben &amp; Florentine\",\"url\":\"https:\\\/\\\/benetflorentine.com\\\/fr\\\/\",\"logo\":{\"@type\":\"ImageObject\",\"inLanguage\":\"fr-FR\",\"@id\":\"https:\\\/\\\/benetflorentine.com\\\/fr\\\/#\\\/schema\\\/logo\\\/image\\\/\",\"url\":\"http:\\\/\\\/143.110.209.188\\\/wp-content\\\/uploads\\\/2020\\\/02\\\/cropped-benflorentine_logo.png\",\"contentUrl\":\"http:\\\/\\\/143.110.209.188\\\/wp-content\\\/uploads\\\/2020\\\/02\\\/cropped-benflorentine_logo.png\",\"width\":553,\"height\":206,\"caption\":\"Ben &amp; Florentine\"},\"image\":{\"@id\":\"https:\\\/\\\/benetflorentine.com\\\/fr\\\/#\\\/schema\\\/logo\\\/image\\\/\"}}]}<\/script>\n<!-- \/ Yoast SEO plugin. -->","yoast_head_json":{"title":"Menu du l\u00e8ve-t\u00f4t | Ben &amp; Florentine","description":"D\u00e9j\u00e0 debout ? Pas de soucis ! Profitez de nos plats pens\u00e9s pour vous aider \u00e0 partir la journ\u00e9e du bon pied.","robots":{"index":"index","follow":"follow","max-snippet":"max-snippet:-1","max-image-preview":"max-image-preview:large","max-video-preview":"max-video-preview:-1"},"canonical":"http:\/\/143.110.209.188\/fr\/menu\/leve-tot\/","og_locale":"fr_FR","og_type":"article","og_title":"Menu du l\u00e8ve-t\u00f4t | Ben &amp; Florentine","og_description":"D\u00e9j\u00e0 debout ? Pas de soucis ! Profitez de nos plats pens\u00e9s pour vous aider \u00e0 partir la journ\u00e9e du bon pied.","og_url":"http:\/\/143.110.209.188\/fr\/menu\/leve-tot\/","og_site_name":"Ben &amp; Florentine","article_modified_time":"2026-04-30T22:49:14+00:00","og_image":[{"width":607,"height":681,"url":"http:\/\/143.110.209.188\/wp-content\/uploads\/2026\/04\/Capture-decran-2026-04-28-171551.png","type":"image\/png"}],"twitter_card":"summary_large_image","twitter_misc":{"Dur\u00e9e de lecture estim\u00e9e":"1 minute"},"schema":{"@context":"https:\/\/schema.org","@graph":[{"@type":"WebPage","@id":"http:\/\/143.110.209.188\/fr\/menu\/leve-tot\/","url":"http:\/\/143.110.209.188\/fr\/menu\/leve-tot\/","name":"Menu du l\u00e8ve-t\u00f4t | Ben &amp; Florentine","isPartOf":{"@id":"https:\/\/benetflorentine.com\/fr\/#website"},"primaryImageOfPage":{"@id":"http:\/\/143.110.209.188\/fr\/menu\/leve-tot\/#primaryimage"},"image":{"@id":"http:\/\/143.110.209.188\/fr\/menu\/leve-tot\/#primaryimage"},"thumbnailUrl":"https:\/\/benetflorentine.com\/wp-content\/uploads\/2026\/04\/Capture-decran-2026-04-28-171551.png","datePublished":"2022-09-04T01:15:04+00:00","dateModified":"2026-04-30T22:49:14+00:00","description":"D\u00e9j\u00e0 debout ? Pas de soucis ! Profitez de nos plats pens\u00e9s pour vous aider \u00e0 partir la journ\u00e9e du bon pied.","breadcrumb":{"@id":"http:\/\/143.110.209.188\/fr\/menu\/leve-tot\/#breadcrumb"},"inLanguage":"fr-FR","potentialAction":[{"@type":"ReadAction","target":["http:\/\/143.110.209.188\/fr\/menu\/leve-tot\/"]}]},{"@type":"ImageObject","inLanguage":"fr-FR","@id":"http:\/\/143.110.209.188\/fr\/menu\/leve-tot\/#primaryimage","url":"https:\/\/benetflorentine.com\/wp-content\/uploads\/2026\/04\/Capture-decran-2026-04-28-171551.png","contentUrl":"https:\/\/benetflorentine.com\/wp-content\/uploads\/2026\/04\/Capture-decran-2026-04-28-171551.png"},{"@type":"BreadcrumbList","@id":"http:\/\/143.110.209.188\/fr\/menu\/leve-tot\/#breadcrumb","itemListElement":[{"@type":"ListItem","position":1,"name":"Menu","item":"https:\/\/benetflorentine.com\/fr\/menu\/"},{"@type":"ListItem","position":2,"name":"Menu du l\u00e8ve-t\u00f4t"}]},{"@type":"WebSite","@id":"https:\/\/benetflorentine.com\/fr\/#website","url":"https:\/\/benetflorentine.com\/fr\/","name":"Ben &amp; Florentine","description":"Brunch &amp; Breakfast\u200e","publisher":{"@id":"https:\/\/benetflorentine.com\/fr\/#organization"},"potentialAction":[{"@type":"SearchAction","target":{"@type":"EntryPoint","urlTemplate":"https:\/\/benetflorentine.com\/fr\/?s={search_term_string}"},"query-input":{"@type":"PropertyValueSpecification","valueRequired":true,"valueName":"search_term_string"}}],"inLanguage":"fr-FR"},{"@type":"Organization","@id":"https:\/\/benetflorentine.com\/fr\/#organization","name":"Ben &amp; Florentine","url":"https:\/\/benetflorentine.com\/fr\/","logo":{"@type":"ImageObject","inLanguage":"fr-FR","@id":"https:\/\/benetflorentine.com\/fr\/#\/schema\/logo\/image\/","url":"http:\/\/143.110.209.188\/wp-content\/uploads\/2020\/02\/cropped-benflorentine_logo.png","contentUrl":"http:\/\/143.110.209.188\/wp-content\/uploads\/2020\/02\/cropped-benflorentine_logo.png","width":553,"height":206,"caption":"Ben &amp; Florentine"},"image":{"@id":"https:\/\/benetflorentine.com\/fr\/#\/schema\/logo\/image\/"}}]}},"_links":{"self":[{"href":"http:\/\/143.110.209.188\/fr\/wp-json\/wp\/v2\/pages\/12853","targetHints":{"allow":["GET"]}}],"collection":[{"href":"http:\/\/143.110.209.188\/fr\/wp-json\/wp\/v2\/pages"}],"about":[{"href":"http:\/\/143.110.209.188\/fr\/wp-json\/wp\/v2\/types\/page"}],"author":[{"embeddable":true,"href":"http:\/\/143.110.209.188\/fr\/wp-json\/wp\/v2\/users\/10"}],"replies":[{"embeddable":true,"href":"http:\/\/143.110.209.188\/fr\/wp-json\/wp\/v2\/comments?post=12853"}],"version-history":[{"count":17,"href":"http:\/\/143.110.209.188\/fr\/wp-json\/wp\/v2\/pages\/12853\/revisions"}],"predecessor-version":[{"id":21387,"href":"http:\/\/143.110.209.188\/fr\/wp-json\/wp\/v2\/pages\/12853\/revisions\/21387"}],"up":[{"embeddable":true,"href":"http:\/\/143.110.209.188\/fr\/wp-json\/wp\/v2\/pages\/55"}],"wp:attachment":[{"href":"http:\/\/143.110.209.188\/fr\/wp-json\/wp\/v2\/media?parent=12853"}],"wp:term":[{"taxonomy":"category","embeddable":true,"href":"http:\/\/143.110.209.188\/fr\/wp-json\/wp\/v2\/categories?post=12853"},{"taxonomy":"post_tag","embeddable":true,"href":"http:\/\/143.110.209.188\/fr\/wp-json\/wp\/v2\/tags?post=12853"}],"curies":[{"name":"wp","href":"https:\/\/api.w.org\/{rel}","templated":true}]}}