{"id":430,"date":"2020-02-04T09:43:10","date_gmt":"2020-02-04T14:43:10","guid":{"rendered":"https:\/\/benetflorentine.com\/choice-of-pan-fried\/"},"modified":"2026-04-30T18:27:28","modified_gmt":"2026-04-30T22:27:28","slug":"poelees","status":"publish","type":"page","link":"http:\/\/143.110.209.188\/fr\/menu\/poelees\/","title":{"rendered":"Po\u00eal\u00e9es \u00e0 l&rsquo;ancienne"},"content":{"rendered":"<div class=\"gb-container gb-container-0b062dd1 staticPage-header-container menuPage alignfull\"><div class=\"gb-inside-container\">\n\n<h1 class=\"wp-block-heading\">Po\u00eal\u00e9es <strong>\u00e0 l\u2019ancienne<\/strong><\/h1>\n\n\n\n<p><span style=\"display:block;\">Id\u00e9ales pour les affam\u00e9s, nos po\u00eal\u00e9es sauront satisfaire les gros app\u00e9tits.<\/span><\/p>\n\n<\/div><\/div>\n\n\n<div class=\"gb-headline gb-headline-c646a201 gb-headline-text subMenu-anchor\" id=\"dents-sucrees\"><\/div>\n\n\n<div class=\"gb-grid-wrapper gb-grid-wrapper-66aaa19e grid-menu\">\n<div class=\"gb-grid-column gb-grid-column-a89f9c43\"><div class=\"gb-container gb-container-a89f9c43 grid-menu-image\"><div class=\"gb-inside-container\"><\/div><\/div><\/div>\n\n<div class=\"gb-grid-column gb-grid-column-aa4ef3e5\"><div class=\"gb-container gb-container-aa4ef3e5 grid-menu-text\"><div class=\"gb-inside-container\">\n\n<h2 class=\"wp-block-heading\">Po\u00eal\u00e9es <strong><strong>\u00e0 l&rsquo;ancienne<\/strong><\/strong><\/h2>\n\n\n\n<p>Servies avec un \u0153uf \u00e0 votre go\u00fbt, nos fameuses pommes de terre et une r\u00f4tie.<\/p>\n\n\n\n<div class=\"gb-grid-wrapper gb-grid-wrapper-542308cf gb-query-loop-wrapper\">\n<div class=\"gb-grid-column gb-grid-column-6dda88fe gb-query-loop-item post-17930 produits type-produits status-publish hentry category-poelees\"><div class=\"gb-container gb-container-6dda88fe\"><div class=\"gb-inside-container\">\n<h3 class=\"gb-headline gb-headline-4dcb8768 gb-headline-text\">SAUCISSE DE POULET &amp; PARMESAN B&amp;F<\/h3>\n\n<p class=\"gb-headline gb-headline-59bc1b02 gb-headline-text\">Saucisses de poulet &#038; parmesan exclusives B&#038;F, \u00e9pinards, champignons portobellos, fromage suisse et sauce hollandaise au pesto sans noix<\/p>\n<\/div><\/div><\/div>\n\n<div class=\"gb-grid-column gb-grid-column-6dda88fe gb-query-loop-item post-3128 produits type-produits status-publish hentry category-benetflorentine category-poelees\"><div class=\"gb-container gb-container-6dda88fe\"><div class=\"gb-inside-container\">\n<h3 class=\"gb-headline gb-headline-4dcb8768 gb-headline-text\">\u00c0 L\u2019\u00c9RABLE<\/h3>\n\n<p class=\"gb-headline gb-headline-59bc1b02 gb-headline-text\">Bacon, poivrons, oignons rouges, m\u00e9lange de Monterey Jack &#038; cheddar et sauce hollandaise au sirop d\u2019\u00e9rable pur<\/p>\n<\/div><\/div><\/div>\n\n<div class=\"gb-grid-column gb-grid-column-6dda88fe gb-query-loop-item post-3130 produits type-produits status-publish hentry category-benetflorentine category-poelees\"><div class=\"gb-container gb-container-6dda88fe\"><div class=\"gb-inside-container\">\n<h3 class=\"gb-headline gb-headline-4dcb8768 gb-headline-text\">BACON &amp; AVOCAT<\/h3>\n\n<p class=\"gb-headline gb-headline-59bc1b02 gb-headline-text\">Bacon, avocat, tomates, poivrons, oignons rouges et m\u00e9lange de Monterey Jack &#038; cheddar<\/p>\n<\/div><\/div><\/div>\n\n<div class=\"gb-grid-column gb-grid-column-6dda88fe gb-query-loop-item post-3126 produits type-produits status-publish hentry category-benetflorentine category-poelees\"><div class=\"gb-container gb-container-6dda88fe\"><div class=\"gb-inside-container\">\n<h3 class=\"gb-headline gb-headline-4dcb8768 gb-headline-text\">L\u00c9GUMES<\/h3>\n\n<p class=\"gb-headline gb-headline-59bc1b02 gb-headline-text\">Champignons portobellos, oignons rouges, tomates, olives Kalamata, poivrons et m\u00e9lange de Monterey Jack &#038; cheddar<\/p>\n<\/div><\/div><\/div>\n\n<div class=\"gb-grid-column gb-grid-column-6dda88fe gb-query-loop-item post-3134 produits type-produits status-publish hentry category-benetflorentine category-poelees\"><div class=\"gb-container gb-container-6dda88fe\"><div class=\"gb-inside-container\">\n<h3 class=\"gb-headline gb-headline-4dcb8768 gb-headline-text\">TROIS VIANDES<\/h3>\n\n<p class=\"gb-headline gb-headline-59bc1b02 gb-headline-text\">Bacon, jambon, saucisses, oignons rouges et m\u00e9lange de Monterey Jack &#038; cheddar<\/p>\n<\/div><\/div><\/div>\n\n<div class=\"gb-grid-column gb-grid-column-6dda88fe gb-query-loop-item post-14562 produits type-produits status-publish hentry category-benetflorentine category-poelees\"><div class=\"gb-container gb-container-6dda88fe\"><div class=\"gb-inside-container\">\n<h3 class=\"gb-headline gb-headline-4dcb8768 gb-headline-text\">JAMBON EFFILOCH\u00c9 \u00c0 L&rsquo;\u00c9RABLE &amp; FROMAGE EN GRAINS<\/h3>\n\n<p class=\"gb-headline gb-headline-59bc1b02 gb-headline-text\">Jambon \u00e0 l&rsquo;\u00e9rable effiloch\u00e9 \u00e0 l\u2019ancienne, poivrons, oignons rouges, fromage en grains et sauce hollandaise au sirop d\u2019\u00e9rable pur<\/p>\n<\/div><\/div><\/div>\n<\/div>\n\n<\/div><\/div><\/div>\n<\/div>\n\n\n<div class=\"gb-headline gb-headline-0960ec1a gb-headline-text menuPage-background\"><\/div>\n\n\n\n<div class=\"wp-block-columns page-promotion-container is-layout-flex wp-container-core-columns-is-layout-9d6595d7 wp-block-columns-is-layout-flex\">\n<div class=\"wp-block-column is-layout-flow wp-block-column-is-layout-flow\"><div class=\"gb-container gb-container-20b354c9 page-promotion-block\"><div class=\"gb-inside-container\">\n\n<div class=\"wp-block-columns is-layout-flex wp-container-core-columns-is-layout-9d6595d7 wp-block-columns-is-layout-flex\">\n<div class=\"wp-block-column is-layout-flow wp-block-column-is-layout-flow\">\n<h2 class=\"gb-headline gb-headline-3e30c076 gb-headline-text\">Cr\u00eapes, Pancakes, Gaufres <strong>&amp; Pain Dor\u00e9<\/strong><\/h2>\n\n\n\n<p>D\u00e9couvrez notre s\u00e9lection gourmande surcr\u00e9e et sal\u00e9e.<\/p>\n\n\n\n<div class=\"wp-block-buttons alignwide is-layout-flex wp-block-buttons-is-layout-flex\">\n<div class=\"wp-block-button button-outline aligncenter\"><a class=\"wp-block-button__link wp-element-button\" href=\"\/fr\/menu\/crepes\/\">D\u00e9couvrir<\/a><\/div>\n<\/div>\n<\/div>\n\n\n\n<div class=\"wp-block-column is-layout-flow wp-block-column-is-layout-flow\">\n<figure class=\"wp-block-image size-large\"><img decoding=\"async\" width=\"978\" height=\"800\" src=\"https:\/\/benetflorentine.com\/wp-content\/uploads\/2026\/04\/Design-sans-titre-4-978x800.jpg\" alt=\"\" class=\"wp-image-21355\" srcset=\"http:\/\/143.110.209.188\/wp-content\/uploads\/2026\/04\/Design-sans-titre-4-978x800.jpg 978w, http:\/\/143.110.209.188\/wp-content\/uploads\/2026\/04\/Design-sans-titre-4-489x400.jpg 489w, http:\/\/143.110.209.188\/wp-content\/uploads\/2026\/04\/Design-sans-titre-4-768x628.jpg 768w, http:\/\/143.110.209.188\/wp-content\/uploads\/2026\/04\/Design-sans-titre-4-24x20.jpg 24w, http:\/\/143.110.209.188\/wp-content\/uploads\/2026\/04\/Design-sans-titre-4-36x29.jpg 36w, http:\/\/143.110.209.188\/wp-content\/uploads\/2026\/04\/Design-sans-titre-4-48x39.jpg 48w, http:\/\/143.110.209.188\/wp-content\/uploads\/2026\/04\/Design-sans-titre-4.jpg 1299w\" sizes=\"(max-width: 978px) 100vw, 978px\" \/><\/figure>\n<\/div>\n<\/div>\n\n<\/div><\/div><\/div>\n\n\n\n<div class=\"wp-block-column is-layout-flow wp-block-column-is-layout-flow\"><div class=\"gb-container gb-container-0da3f226 page-promotion-block\"><div class=\"gb-inside-container\">\n\n<div class=\"wp-block-columns is-layout-flex wp-container-core-columns-is-layout-9d6595d7 wp-block-columns-is-layout-flex\">\n<div class=\"wp-block-column is-layout-flow wp-block-column-is-layout-flow\">\n<h2 class=\"gb-headline gb-headline-944318d1 gb-headline-text\"><strong>Choix de Florentine<\/strong><\/h2>\n\n\n\n<p>Go\u00fbtez \u00e0 notre vari\u00e9t\u00e9 de toast guacamole et ricotta<\/p>\n\n\n\n<div class=\"wp-block-buttons alignwide is-layout-flex wp-block-buttons-is-layout-flex\">\n<div class=\"wp-block-button button-outline aligncenter\"><a class=\"wp-block-button__link wp-element-button\" href=\"https:\/\/benetflorentine.com\/fr\/menu\/choix-sante\/\">D\u00e9couvrir<\/a><\/div>\n<\/div>\n<\/div>\n\n\n\n<div class=\"wp-block-column is-layout-flow wp-block-column-is-layout-flow\">\n<figure class=\"wp-block-image size-large\"><img decoding=\"async\" width=\"978\" height=\"800\" src=\"https:\/\/benetflorentine.com\/wp-content\/uploads\/2026\/04\/Design-sans-titre-5-978x800.jpg\" alt=\"\" class=\"wp-image-21360\" srcset=\"http:\/\/143.110.209.188\/wp-content\/uploads\/2026\/04\/Design-sans-titre-5-978x800.jpg 978w, http:\/\/143.110.209.188\/wp-content\/uploads\/2026\/04\/Design-sans-titre-5-489x400.jpg 489w, http:\/\/143.110.209.188\/wp-content\/uploads\/2026\/04\/Design-sans-titre-5-768x628.jpg 768w, http:\/\/143.110.209.188\/wp-content\/uploads\/2026\/04\/Design-sans-titre-5-24x20.jpg 24w, http:\/\/143.110.209.188\/wp-content\/uploads\/2026\/04\/Design-sans-titre-5-36x29.jpg 36w, http:\/\/143.110.209.188\/wp-content\/uploads\/2026\/04\/Design-sans-titre-5-48x39.jpg 48w, http:\/\/143.110.209.188\/wp-content\/uploads\/2026\/04\/Design-sans-titre-5.jpg 1299w\" sizes=\"(max-width: 978px) 100vw, 978px\" \/><\/figure>\n<\/div>\n<\/div>\n\n<\/div><\/div><\/div>\n<\/div>\n\n\n\n<p><\/p>\n","protected":false},"excerpt":{"rendered":"<p>Po\u00eal\u00e9es \u00e0 l\u2019ancienne Id\u00e9ales pour les affam\u00e9s, nos po\u00eal\u00e9es sauront satisfaire les gros app\u00e9tits. Cr\u00eapes, Pancakes, Gaufres &amp; Pain Dor\u00e9 D\u00e9couvrez notre s\u00e9lection gourmande surcr\u00e9e et sal\u00e9e. Choix de Florentine Go\u00fbtez \u00e0 notre vari\u00e9t\u00e9 de toast guacamole et ricotta<\/p>\n","protected":false},"author":10,"featured_media":2242,"parent":55,"menu_order":0,"comment_status":"closed","ping_status":"closed","template":"","meta":{"inline_featured_image":false,"footnotes":""},"categories":[],"tags":[],"class_list":["post-430","page","type-page","status-publish","has-post-thumbnail"],"yoast_head":"<!-- This site is optimized with the Yoast SEO plugin v27.5 - https:\/\/yoast.com\/product\/yoast-seo-wordpress\/ -->\n<title>Nos po\u00eal\u00e9es \u00e0 l&#039;ancienne - menu | Ben &amp; Florentine<\/title>\n<meta name=\"description\" content=\"Sucr\u00e9 ou sal\u00e9 au d\u00e9jeuner et au brunch, notre menu po\u00eal\u00e9es satisfera votre grand app\u00e9tit.\" \/>\n<meta name=\"robots\" content=\"index, follow, max-snippet:-1, max-image-preview:large, max-video-preview:-1\" \/>\n<link rel=\"canonical\" href=\"http:\/\/143.110.209.188\/fr\/menu\/poelees\/\" \/>\n<meta property=\"og:locale\" content=\"fr_FR\" \/>\n<meta property=\"og:type\" content=\"article\" \/>\n<meta property=\"og:title\" content=\"Nos po\u00eal\u00e9es \u00e0 l&#039;ancienne - menu | Ben &amp; Florentine\" \/>\n<meta property=\"og:description\" content=\"Sucr\u00e9 ou sal\u00e9 au d\u00e9jeuner et au brunch, notre menu po\u00eal\u00e9es satisfera votre grand app\u00e9tit.\" \/>\n<meta property=\"og:url\" content=\"http:\/\/143.110.209.188\/fr\/menu\/poelees\/\" \/>\n<meta property=\"og:site_name\" content=\"Ben &amp; Florentine\" \/>\n<meta property=\"article:modified_time\" content=\"2026-04-30T22:27:28+00:00\" \/>\n<meta property=\"og:image\" content=\"https:\/\/benetflorentine.com\/wp-content\/uploads\/2020\/02\/poelees-bacon_avocat-min.jpg\" \/>\n\t<meta property=\"og:image:width\" content=\"1920\" \/>\n\t<meta property=\"og:image:height\" content=\"1000\" \/>\n\t<meta property=\"og:image:type\" content=\"image\/jpeg\" \/>\n<meta name=\"twitter:card\" content=\"summary_large_image\" \/>\n<meta name=\"twitter:label1\" content=\"Dur\u00e9e de lecture estim\u00e9e\" \/>\n\t<meta name=\"twitter:data1\" content=\"1 minute\" \/>\n<script type=\"application\/ld+json\" class=\"yoast-schema-graph\">{\"@context\":\"https:\\\/\\\/schema.org\",\"@graph\":[{\"@type\":\"WebPage\",\"@id\":\"http:\\\/\\\/143.110.209.188\\\/fr\\\/menu\\\/poelees\\\/\",\"url\":\"http:\\\/\\\/143.110.209.188\\\/fr\\\/menu\\\/poelees\\\/\",\"name\":\"Nos po\u00eal\u00e9es \u00e0 l'ancienne - menu | Ben & Florentine\",\"isPartOf\":{\"@id\":\"https:\\\/\\\/benetflorentine.com\\\/fr\\\/#website\"},\"primaryImageOfPage\":{\"@id\":\"http:\\\/\\\/143.110.209.188\\\/fr\\\/menu\\\/poelees\\\/#primaryimage\"},\"image\":{\"@id\":\"http:\\\/\\\/143.110.209.188\\\/fr\\\/menu\\\/poelees\\\/#primaryimage\"},\"thumbnailUrl\":\"http:\\\/\\\/143.110.209.188\\\/wp-content\\\/uploads\\\/2020\\\/02\\\/poelees-bacon_avocat-min.jpg\",\"datePublished\":\"2020-02-04T14:43:10+00:00\",\"dateModified\":\"2026-04-30T22:27:28+00:00\",\"description\":\"Sucr\u00e9 ou sal\u00e9 au d\u00e9jeuner et au brunch, notre menu po\u00eal\u00e9es satisfera votre grand app\u00e9tit.\",\"breadcrumb\":{\"@id\":\"http:\\\/\\\/143.110.209.188\\\/fr\\\/menu\\\/poelees\\\/#breadcrumb\"},\"inLanguage\":\"fr-FR\",\"potentialAction\":[{\"@type\":\"ReadAction\",\"target\":[\"http:\\\/\\\/143.110.209.188\\\/fr\\\/menu\\\/poelees\\\/\"]}]},{\"@type\":\"ImageObject\",\"inLanguage\":\"fr-FR\",\"@id\":\"http:\\\/\\\/143.110.209.188\\\/fr\\\/menu\\\/poelees\\\/#primaryimage\",\"url\":\"http:\\\/\\\/143.110.209.188\\\/wp-content\\\/uploads\\\/2020\\\/02\\\/poelees-bacon_avocat-min.jpg\",\"contentUrl\":\"http:\\\/\\\/143.110.209.188\\\/wp-content\\\/uploads\\\/2020\\\/02\\\/poelees-bacon_avocat-min.jpg\",\"width\":1920,\"height\":1000,\"caption\":\"Po\u00eal\u00e9es Bacon Avocat\"},{\"@type\":\"BreadcrumbList\",\"@id\":\"http:\\\/\\\/143.110.209.188\\\/fr\\\/menu\\\/poelees\\\/#breadcrumb\",\"itemListElement\":[{\"@type\":\"ListItem\",\"position\":1,\"name\":\"Menu\",\"item\":\"https:\\\/\\\/benetflorentine.com\\\/fr\\\/menu\\\/\"},{\"@type\":\"ListItem\",\"position\":2,\"name\":\"Po\u00eal\u00e9es \u00e0 l&rsquo;ancienne\"}]},{\"@type\":\"WebSite\",\"@id\":\"https:\\\/\\\/benetflorentine.com\\\/fr\\\/#website\",\"url\":\"https:\\\/\\\/benetflorentine.com\\\/fr\\\/\",\"name\":\"Ben &amp; Florentine\",\"description\":\"Brunch &amp; Breakfast\u200e\",\"publisher\":{\"@id\":\"https:\\\/\\\/benetflorentine.com\\\/fr\\\/#organization\"},\"potentialAction\":[{\"@type\":\"SearchAction\",\"target\":{\"@type\":\"EntryPoint\",\"urlTemplate\":\"https:\\\/\\\/benetflorentine.com\\\/fr\\\/?s={search_term_string}\"},\"query-input\":{\"@type\":\"PropertyValueSpecification\",\"valueRequired\":true,\"valueName\":\"search_term_string\"}}],\"inLanguage\":\"fr-FR\"},{\"@type\":\"Organization\",\"@id\":\"https:\\\/\\\/benetflorentine.com\\\/fr\\\/#organization\",\"name\":\"Ben &amp; Florentine\",\"url\":\"https:\\\/\\\/benetflorentine.com\\\/fr\\\/\",\"logo\":{\"@type\":\"ImageObject\",\"inLanguage\":\"fr-FR\",\"@id\":\"https:\\\/\\\/benetflorentine.com\\\/fr\\\/#\\\/schema\\\/logo\\\/image\\\/\",\"url\":\"http:\\\/\\\/143.110.209.188\\\/wp-content\\\/uploads\\\/2020\\\/02\\\/cropped-benflorentine_logo.png\",\"contentUrl\":\"http:\\\/\\\/143.110.209.188\\\/wp-content\\\/uploads\\\/2020\\\/02\\\/cropped-benflorentine_logo.png\",\"width\":553,\"height\":206,\"caption\":\"Ben &amp; Florentine\"},\"image\":{\"@id\":\"https:\\\/\\\/benetflorentine.com\\\/fr\\\/#\\\/schema\\\/logo\\\/image\\\/\"}}]}<\/script>\n<!-- \/ Yoast SEO plugin. -->","yoast_head_json":{"title":"Nos po\u00eal\u00e9es \u00e0 l'ancienne - menu | Ben & Florentine","description":"Sucr\u00e9 ou sal\u00e9 au d\u00e9jeuner et au brunch, notre menu po\u00eal\u00e9es satisfera votre grand app\u00e9tit.","robots":{"index":"index","follow":"follow","max-snippet":"max-snippet:-1","max-image-preview":"max-image-preview:large","max-video-preview":"max-video-preview:-1"},"canonical":"http:\/\/143.110.209.188\/fr\/menu\/poelees\/","og_locale":"fr_FR","og_type":"article","og_title":"Nos po\u00eal\u00e9es \u00e0 l'ancienne - menu | Ben & Florentine","og_description":"Sucr\u00e9 ou sal\u00e9 au d\u00e9jeuner et au brunch, notre menu po\u00eal\u00e9es satisfera votre grand app\u00e9tit.","og_url":"http:\/\/143.110.209.188\/fr\/menu\/poelees\/","og_site_name":"Ben &amp; Florentine","article_modified_time":"2026-04-30T22:27:28+00:00","og_image":[{"width":1920,"height":1000,"url":"https:\/\/benetflorentine.com\/wp-content\/uploads\/2020\/02\/poelees-bacon_avocat-min.jpg","type":"image\/jpeg"}],"twitter_card":"summary_large_image","twitter_misc":{"Dur\u00e9e de lecture estim\u00e9e":"1 minute"},"schema":{"@context":"https:\/\/schema.org","@graph":[{"@type":"WebPage","@id":"http:\/\/143.110.209.188\/fr\/menu\/poelees\/","url":"http:\/\/143.110.209.188\/fr\/menu\/poelees\/","name":"Nos po\u00eal\u00e9es \u00e0 l'ancienne - menu | Ben & Florentine","isPartOf":{"@id":"https:\/\/benetflorentine.com\/fr\/#website"},"primaryImageOfPage":{"@id":"http:\/\/143.110.209.188\/fr\/menu\/poelees\/#primaryimage"},"image":{"@id":"http:\/\/143.110.209.188\/fr\/menu\/poelees\/#primaryimage"},"thumbnailUrl":"http:\/\/143.110.209.188\/wp-content\/uploads\/2020\/02\/poelees-bacon_avocat-min.jpg","datePublished":"2020-02-04T14:43:10+00:00","dateModified":"2026-04-30T22:27:28+00:00","description":"Sucr\u00e9 ou sal\u00e9 au d\u00e9jeuner et au brunch, notre menu po\u00eal\u00e9es satisfera votre grand app\u00e9tit.","breadcrumb":{"@id":"http:\/\/143.110.209.188\/fr\/menu\/poelees\/#breadcrumb"},"inLanguage":"fr-FR","potentialAction":[{"@type":"ReadAction","target":["http:\/\/143.110.209.188\/fr\/menu\/poelees\/"]}]},{"@type":"ImageObject","inLanguage":"fr-FR","@id":"http:\/\/143.110.209.188\/fr\/menu\/poelees\/#primaryimage","url":"http:\/\/143.110.209.188\/wp-content\/uploads\/2020\/02\/poelees-bacon_avocat-min.jpg","contentUrl":"http:\/\/143.110.209.188\/wp-content\/uploads\/2020\/02\/poelees-bacon_avocat-min.jpg","width":1920,"height":1000,"caption":"Po\u00eal\u00e9es Bacon Avocat"},{"@type":"BreadcrumbList","@id":"http:\/\/143.110.209.188\/fr\/menu\/poelees\/#breadcrumb","itemListElement":[{"@type":"ListItem","position":1,"name":"Menu","item":"https:\/\/benetflorentine.com\/fr\/menu\/"},{"@type":"ListItem","position":2,"name":"Po\u00eal\u00e9es \u00e0 l&rsquo;ancienne"}]},{"@type":"WebSite","@id":"https:\/\/benetflorentine.com\/fr\/#website","url":"https:\/\/benetflorentine.com\/fr\/","name":"Ben &amp; Florentine","description":"Brunch &amp; Breakfast\u200e","publisher":{"@id":"https:\/\/benetflorentine.com\/fr\/#organization"},"potentialAction":[{"@type":"SearchAction","target":{"@type":"EntryPoint","urlTemplate":"https:\/\/benetflorentine.com\/fr\/?s={search_term_string}"},"query-input":{"@type":"PropertyValueSpecification","valueRequired":true,"valueName":"search_term_string"}}],"inLanguage":"fr-FR"},{"@type":"Organization","@id":"https:\/\/benetflorentine.com\/fr\/#organization","name":"Ben &amp; Florentine","url":"https:\/\/benetflorentine.com\/fr\/","logo":{"@type":"ImageObject","inLanguage":"fr-FR","@id":"https:\/\/benetflorentine.com\/fr\/#\/schema\/logo\/image\/","url":"http:\/\/143.110.209.188\/wp-content\/uploads\/2020\/02\/cropped-benflorentine_logo.png","contentUrl":"http:\/\/143.110.209.188\/wp-content\/uploads\/2020\/02\/cropped-benflorentine_logo.png","width":553,"height":206,"caption":"Ben &amp; Florentine"},"image":{"@id":"https:\/\/benetflorentine.com\/fr\/#\/schema\/logo\/image\/"}}]}},"_links":{"self":[{"href":"http:\/\/143.110.209.188\/fr\/wp-json\/wp\/v2\/pages\/430","targetHints":{"allow":["GET"]}}],"collection":[{"href":"http:\/\/143.110.209.188\/fr\/wp-json\/wp\/v2\/pages"}],"about":[{"href":"http:\/\/143.110.209.188\/fr\/wp-json\/wp\/v2\/types\/page"}],"author":[{"embeddable":true,"href":"http:\/\/143.110.209.188\/fr\/wp-json\/wp\/v2\/users\/10"}],"replies":[{"embeddable":true,"href":"http:\/\/143.110.209.188\/fr\/wp-json\/wp\/v2\/comments?post=430"}],"version-history":[{"count":50,"href":"http:\/\/143.110.209.188\/fr\/wp-json\/wp\/v2\/pages\/430\/revisions"}],"predecessor-version":[{"id":21365,"href":"http:\/\/143.110.209.188\/fr\/wp-json\/wp\/v2\/pages\/430\/revisions\/21365"}],"up":[{"embeddable":true,"href":"http:\/\/143.110.209.188\/fr\/wp-json\/wp\/v2\/pages\/55"}],"wp:featuredmedia":[{"embeddable":true,"href":"http:\/\/143.110.209.188\/fr\/wp-json\/wp\/v2\/media\/2242"}],"wp:attachment":[{"href":"http:\/\/143.110.209.188\/fr\/wp-json\/wp\/v2\/media?parent=430"}],"wp:term":[{"taxonomy":"category","embeddable":true,"href":"http:\/\/143.110.209.188\/fr\/wp-json\/wp\/v2\/categories?post=430"},{"taxonomy":"post_tag","embeddable":true,"href":"http:\/\/143.110.209.188\/fr\/wp-json\/wp\/v2\/tags?post=430"}],"curies":[{"name":"wp","href":"https:\/\/api.w.org\/{rel}","templated":true}]}}