{"id":433,"date":"2020-02-04T09:43:07","date_gmt":"2020-02-04T14:43:07","guid":{"rendered":"https:\/\/benetflorentine.com\/sandwitch-burgers\/"},"modified":"2025-10-06T18:24:08","modified_gmt":"2025-10-06T22:24:08","slug":"sandwichs-burgers","status":"publish","type":"page","link":"http:\/\/143.110.209.188\/fr\/menu\/sandwichs-burgers\/","title":{"rendered":"Sandwichs &amp; Poutines"},"content":{"rendered":"<div class=\"gb-container gb-container-0b062dd1 staticPage-header-container menuPage has-subMenu alignfull\"><div class=\"gb-inside-container\">\n\n<h1 class=\"wp-block-heading has-text-align-center\">Sandwichs et Poutines<\/h1>\n\n\n\n<p class=\"has-text-align-center\">\u00c0 mi-chemin entre le d\u00e9jeuner et le d\u00eener, nos sandwichs et burgers r\u00e9inventent l\u2019heure du brunch.<\/p>\n\n<\/div><\/div>\n\n\n<div class=\"gb-headline gb-headline-c646a201 gb-headline-text subMenu-anchor\" id=\"sandwichs-dejeuner\"><\/div>\n\n\n<div class=\"gb-grid-wrapper gb-grid-wrapper-66aaa19e grid-menu\">\n<div class=\"gb-grid-column gb-grid-column-a89f9c43\"><div class=\"gb-container gb-container-a89f9c43 grid-menu-image\"><div class=\"gb-inside-container\"><\/div><\/div><\/div>\n\n<div class=\"gb-grid-column gb-grid-column-aa4ef3e5\"><div class=\"gb-container gb-container-aa4ef3e5 grid-menu-text\"><div class=\"gb-inside-container\">\n\n<h2 class=\"wp-block-heading\">Sandwichs &amp; Poutines<\/h2>\n\n\n\n<p>Servis avec nos fameuses pommes de terre et des fruits frais<\/p>\n\n\n\n<div class=\"gb-grid-wrapper gb-grid-wrapper-542308cf gb-query-loop-wrapper\">\n<div class=\"gb-grid-column gb-grid-column-6dda88fe gb-query-loop-item post-20085 produits type-produits status-publish hentry category-sandwichs tag-nouveaute\"><div class=\"gb-container gb-container-6dda88fe\"><div class=\"gb-inside-container\">\n<h3 class=\"gb-headline gb-headline-4dcb8768 gb-headline-text\">Poutine &#8211; Saucisse Bacon &amp; cheddar<\/h3>\n\n<p class=\"gb-headline gb-headline-59bc1b02 gb-headline-text\">Choix de frites ou nos fameuses pommes de terre. OEuf \u00e0 votre go\u00fbt, saucisse bacon &amp; cheddar exclusive B&amp;F, tomates, oignons rouges, fromage en grains et sauce hollandaise<\/p>\n<\/div><\/div><\/div>\n\n<div class=\"gb-grid-column gb-grid-column-6dda88fe gb-query-loop-item post-18527 produits type-produits status-publish hentry category-sandwichs\"><div class=\"gb-container gb-container-6dda88fe\"><div class=\"gb-inside-container\">\n<h3 class=\"gb-headline gb-headline-4dcb8768 gb-headline-text\">Croissandwich jambon effiloch\u00e9 \u00e0 l\u2019ancienne<\/h3>\n\n<p class=\"gb-headline gb-headline-59bc1b02 gb-headline-text\">Croissant gaufr\u00e9, jambon effiloch\u00e9 \u00e0 l\u2019ancienne et sauce hollandaise \u00e0 l&rsquo;\u00e9rable garni d\u2019un oeuf \u00e0 votre go\u00fbt. Servi avec nos fameuses pommes de terre et des fruits frais<\/p>\n<\/div><\/div><\/div>\n\n<div class=\"gb-grid-column gb-grid-column-6dda88fe gb-query-loop-item post-17932 produits type-produits status-publish hentry category-sandwichs\"><div class=\"gb-container gb-container-6dda88fe\"><div class=\"gb-inside-container\">\n<h3 class=\"gb-headline gb-headline-4dcb8768 gb-headline-text\">Wrap saucisse au poulet B&#038;F<\/h3>\n\n<p class=\"gb-headline gb-headline-59bc1b02 gb-headline-text\">Saucisses de poulet &#038; parmesan exclusive B&#038;F, \u00e9pinards, m\u00e9lange de poivrons, oignons rouges, champignons portobellos, mayonnaise au pesto sans noix et m\u00e9lange de Monterey Jack &#038; cheddar sur tortilla de bl\u00e9 entier<\/p>\n<\/div><\/div><\/div>\n\n<div class=\"gb-grid-column gb-grid-column-6dda88fe gb-query-loop-item post-3328 produits type-produits status-publish hentry category-benetflorentine category-sandwichs\"><div class=\"gb-container gb-container-6dda88fe\"><div class=\"gb-inside-container\">\n<h3 class=\"gb-headline gb-headline-4dcb8768 gb-headline-text\">Wrap poulet &#038; avocat<\/h3>\n\n<p class=\"gb-headline gb-headline-59bc1b02 gb-headline-text\">Poulet grill\u00e9, avocat, m\u00e9lange de poivrons et oignons caram\u00e9lis\u00e9s, laitue et m\u00e9lange de Monterey Jack et cheddar sur tortilla de bl\u00e9 entier. Servi avec frites assaisonn\u00e9es et notre sauce chipotle.<\/p>\n<\/div><\/div><\/div>\n\n<div class=\"gb-grid-column gb-grid-column-6dda88fe gb-query-loop-item post-3001 produits type-produits status-publish hentry category-poutines\"><div class=\"gb-container gb-container-6dda88fe\"><div class=\"gb-inside-container\">\n<h3 class=\"gb-headline gb-headline-4dcb8768 gb-headline-text\">Poutine &#8211; Ben &amp; Florentine<\/h3>\n\n<p class=\"gb-headline gb-headline-59bc1b02 gb-headline-text\">Choix de frites ou nos fameuses pommes de terre. Oeuf \u00e0 votre go\u00fbt, bacon, jambon, saucisses, fromage en grains et sauce hollandaise.<\/p>\n<\/div><\/div><\/div>\n\n<div class=\"gb-grid-column gb-grid-column-6dda88fe gb-query-loop-item post-2150 produits type-produits status-publish hentry category-benetflorentine category-sandwichs\"><div class=\"gb-container gb-container-6dda88fe\"><div class=\"gb-inside-container\">\n<h3 class=\"gb-headline gb-headline-4dcb8768 gb-headline-text\">\u00ab Cheeseburger \u00bb de luxe<\/h3>\n\n<p class=\"gb-headline gb-headline-59bc1b02 gb-headline-text\">Boeuf, bacon, laitue, tomates, oignons, cornichons et fromage ruban jaune garnis d\u2019un \u0153uf. Servi avec salade maison ou frites assaisonn\u00e9es. Accompagn\u00e9 de notre sauce chipotle.<\/p>\n<\/div><\/div><\/div>\n\n<div class=\"gb-grid-column gb-grid-column-6dda88fe gb-query-loop-item post-2147 produits type-produits status-publish hentry category-benetflorentine category-sandwichs\"><div class=\"gb-container gb-container-6dda88fe\"><div class=\"gb-inside-container\">\n<h3 class=\"gb-headline gb-headline-4dcb8768 gb-headline-text\">Club d\u00e9jeuner<\/h3>\n\n<p class=\"gb-headline gb-headline-59bc1b02 gb-headline-text\">Oeufs crev\u00e9s, bacon, fromage ruban jaune, laitue et tomates.<\/p>\n<\/div><\/div><\/div>\n<\/div>\n\n<\/div><\/div><\/div>\n<\/div>\n\n\n<div class=\"gb-headline gb-headline-0960ec1a gb-headline-text menuPage-background\"><\/div>\n\n\n\n<div class=\"wp-block-columns page-promotion-container is-layout-flex wp-container-core-columns-is-layout-9d6595d7 wp-block-columns-is-layout-flex\">\n<div class=\"wp-block-column is-layout-flow wp-block-column-is-layout-flow\"><div class=\"gb-container gb-container-20b354c9 page-promotion-block\"><div class=\"gb-inside-container\">\n\n<div class=\"wp-block-columns is-layout-flex wp-container-core-columns-is-layout-9d6595d7 wp-block-columns-is-layout-flex\">\n<div class=\"wp-block-column is-layout-flow wp-block-column-is-layout-flow\">\n<h2 class=\"gb-headline gb-headline-3e30c076 gb-headline-text\">Nos <strong>Tartines<\/strong><\/h2>\n\n\n\n<p>Croquantes, cr\u00e9meuses, color\u00e9es\u2026 Nos tartines ne font jamais les choses \u00e0 moiti\u00e9.<\/p>\n\n\n\n<div class=\"wp-block-buttons alignwide is-layout-flex wp-block-buttons-is-layout-flex\">\n<div class=\"wp-block-button button-outline aligncenter\"><a class=\"wp-block-button__link wp-element-button\" href=\"https:\/\/benetflorentine.com\/fr\/menu\/tartines\/\">D\u00e9couvrir<\/a><\/div>\n<\/div>\n<\/div>\n\n\n\n<div class=\"wp-block-column is-layout-flow wp-block-column-is-layout-flow\">\n<figure class=\"wp-block-image size-large\"><img decoding=\"async\" width=\"998\" height=\"800\" src=\"https:\/\/benetflorentine.com\/wp-content\/uploads\/2025\/04\/du-sante-998x800.jpg\" alt=\"\" class=\"wp-image-18612\" srcset=\"http:\/\/143.110.209.188\/wp-content\/uploads\/2025\/04\/du-sante-998x800.jpg 998w, http:\/\/143.110.209.188\/wp-content\/uploads\/2025\/04\/du-sante-499x400.jpg 499w, http:\/\/143.110.209.188\/wp-content\/uploads\/2025\/04\/du-sante-768x616.jpg 768w, http:\/\/143.110.209.188\/wp-content\/uploads\/2025\/04\/du-sante-24x19.jpg 24w, http:\/\/143.110.209.188\/wp-content\/uploads\/2025\/04\/du-sante-36x29.jpg 36w, http:\/\/143.110.209.188\/wp-content\/uploads\/2025\/04\/du-sante-48x38.jpg 48w, http:\/\/143.110.209.188\/wp-content\/uploads\/2025\/04\/du-sante.jpg 1165w\" sizes=\"(max-width: 998px) 100vw, 998px\" \/><\/figure>\n<\/div>\n<\/div>\n\n<\/div><\/div><\/div>\n\n\n\n<div class=\"wp-block-column is-layout-flow wp-block-column-is-layout-flow\"><div class=\"gb-container gb-container-0da3f226 page-promotion-block\"><div class=\"gb-inside-container\">\n\n<div class=\"wp-block-columns is-layout-flex wp-container-core-columns-is-layout-9d6595d7 wp-block-columns-is-layout-flex\">\n<div class=\"wp-block-column is-layout-flow wp-block-column-is-layout-flow\">\n<h2 class=\"gb-headline gb-headline-62b6d8ec gb-headline-text\">Smoothies, Caf\u00e9s <strong>et Breuvages<\/strong><\/h2>\n\n\n\n<p>Tout pour \u00e9tancher votre soif.<\/p>\n\n\n\n<div class=\"wp-block-buttons alignwide is-layout-flex wp-block-buttons-is-layout-flex\">\n<div class=\"wp-block-button button-outline aligncenter\"><a class=\"wp-block-button__link wp-element-button\" href=\"\/fr\/menu\/nos-breuvages\/\">D\u00e9couvrir<\/a><\/div>\n<\/div>\n<\/div>\n\n\n\n<div class=\"wp-block-column is-layout-flow wp-block-column-is-layout-flow\">\n<figure class=\"wp-block-image size-large\"><img decoding=\"async\" src=\"https:\/\/benetflorentine.com\/wp-content\/uploads\/2020\/04\/smoothies.png\" alt=\"\"\/><\/figure>\n<\/div>\n<\/div>\n\n<\/div><\/div><\/div>\n<\/div>\n\n\n\n<p><\/p>\n","protected":false},"excerpt":{"rendered":"<p>Sandwichs et Poutines \u00c0 mi-chemin entre le d\u00e9jeuner et le d\u00eener, nos sandwichs et burgers r\u00e9inventent l\u2019heure du brunch. Nos Tartines Croquantes, cr\u00e9meuses, color\u00e9es\u2026 Nos tartines ne font jamais les choses \u00e0 moiti\u00e9. Smoothies, Caf\u00e9s et Breuvages Tout pour \u00e9tancher votre soif.<\/p>\n","protected":false},"author":10,"featured_media":2250,"parent":55,"menu_order":0,"comment_status":"closed","ping_status":"closed","template":"","meta":{"inline_featured_image":false,"footnotes":""},"categories":[],"tags":[],"class_list":["post-433","page","type-page","status-publish","has-post-thumbnail"],"yoast_head":"<!-- This site is optimized with the Yoast SEO plugin v27.3 - https:\/\/yoast.com\/product\/yoast-seo-wordpress\/ -->\n<title>Sandwichs d\u00e9jeuners et burgers - menu | Ben &amp; Florentine<\/title>\n<meta name=\"description\" content=\"Que du bon plac\u00e9 entre 2 pains pour le d\u00e9jeuner ou le brunch. D\u00e9couvrez notre menu sandwichs d\u00e9jeuners et burgers.\" \/>\n<meta name=\"robots\" content=\"index, follow, max-snippet:-1, max-image-preview:large, max-video-preview:-1\" \/>\n<link rel=\"canonical\" href=\"http:\/\/143.110.209.188\/fr\/menu\/sandwichs-burgers\/\" \/>\n<meta property=\"og:locale\" content=\"fr_FR\" \/>\n<meta property=\"og:type\" content=\"article\" \/>\n<meta property=\"og:title\" content=\"Sandwichs d\u00e9jeuners et burgers - menu | Ben &amp; Florentine\" \/>\n<meta property=\"og:description\" content=\"Que du bon plac\u00e9 entre 2 pains pour le d\u00e9jeuner ou le brunch. D\u00e9couvrez notre menu sandwichs d\u00e9jeuners et burgers.\" \/>\n<meta property=\"og:url\" content=\"http:\/\/143.110.209.188\/fr\/menu\/sandwichs-burgers\/\" \/>\n<meta property=\"og:site_name\" content=\"Ben &amp; Florentine\" \/>\n<meta property=\"article:modified_time\" content=\"2025-10-06T22:24:08+00:00\" \/>\n<meta property=\"og:image\" content=\"https:\/\/benetflorentine.com\/wp-content\/uploads\/2020\/02\/sandwich-croque-dejeuner.jpg\" \/>\n\t<meta property=\"og:image:width\" content=\"2560\" \/>\n\t<meta property=\"og:image:height\" content=\"1326\" \/>\n\t<meta property=\"og:image:type\" content=\"image\/jpeg\" \/>\n<meta name=\"twitter:card\" content=\"summary_large_image\" \/>\n<meta name=\"twitter:label1\" content=\"Dur\u00e9e de lecture estim\u00e9e\" \/>\n\t<meta name=\"twitter:data1\" content=\"1 minute\" \/>\n<script type=\"application\/ld+json\" class=\"yoast-schema-graph\">{\"@context\":\"https:\\\/\\\/schema.org\",\"@graph\":[{\"@type\":\"WebPage\",\"@id\":\"http:\\\/\\\/143.110.209.188\\\/fr\\\/menu\\\/sandwichs-burgers\\\/\",\"url\":\"http:\\\/\\\/143.110.209.188\\\/fr\\\/menu\\\/sandwichs-burgers\\\/\",\"name\":\"Sandwichs d\u00e9jeuners et burgers - menu | Ben & Florentine\",\"isPartOf\":{\"@id\":\"https:\\\/\\\/benetflorentine.com\\\/fr\\\/#website\"},\"primaryImageOfPage\":{\"@id\":\"http:\\\/\\\/143.110.209.188\\\/fr\\\/menu\\\/sandwichs-burgers\\\/#primaryimage\"},\"image\":{\"@id\":\"http:\\\/\\\/143.110.209.188\\\/fr\\\/menu\\\/sandwichs-burgers\\\/#primaryimage\"},\"thumbnailUrl\":\"http:\\\/\\\/143.110.209.188\\\/wp-content\\\/uploads\\\/2020\\\/02\\\/sandwich-croque-dejeuner.jpg\",\"datePublished\":\"2020-02-04T14:43:07+00:00\",\"dateModified\":\"2025-10-06T22:24:08+00:00\",\"description\":\"Que du bon plac\u00e9 entre 2 pains pour le d\u00e9jeuner ou le brunch. D\u00e9couvrez notre menu sandwichs d\u00e9jeuners et burgers.\",\"breadcrumb\":{\"@id\":\"http:\\\/\\\/143.110.209.188\\\/fr\\\/menu\\\/sandwichs-burgers\\\/#breadcrumb\"},\"inLanguage\":\"fr-FR\",\"potentialAction\":[{\"@type\":\"ReadAction\",\"target\":[\"http:\\\/\\\/143.110.209.188\\\/fr\\\/menu\\\/sandwichs-burgers\\\/\"]}]},{\"@type\":\"ImageObject\",\"inLanguage\":\"fr-FR\",\"@id\":\"http:\\\/\\\/143.110.209.188\\\/fr\\\/menu\\\/sandwichs-burgers\\\/#primaryimage\",\"url\":\"http:\\\/\\\/143.110.209.188\\\/wp-content\\\/uploads\\\/2020\\\/02\\\/sandwich-croque-dejeuner.jpg\",\"contentUrl\":\"http:\\\/\\\/143.110.209.188\\\/wp-content\\\/uploads\\\/2020\\\/02\\\/sandwich-croque-dejeuner.jpg\",\"width\":2560,\"height\":1326,\"caption\":\"Sandwich croque d\u00e9jeuner\"},{\"@type\":\"BreadcrumbList\",\"@id\":\"http:\\\/\\\/143.110.209.188\\\/fr\\\/menu\\\/sandwichs-burgers\\\/#breadcrumb\",\"itemListElement\":[{\"@type\":\"ListItem\",\"position\":1,\"name\":\"Menu\",\"item\":\"https:\\\/\\\/benetflorentine.com\\\/fr\\\/menu\\\/\"},{\"@type\":\"ListItem\",\"position\":2,\"name\":\"Sandwichs &amp; Poutines\"}]},{\"@type\":\"WebSite\",\"@id\":\"https:\\\/\\\/benetflorentine.com\\\/fr\\\/#website\",\"url\":\"https:\\\/\\\/benetflorentine.com\\\/fr\\\/\",\"name\":\"Ben &amp; Florentine\",\"description\":\"Brunch &amp; Breakfast\u200e\",\"publisher\":{\"@id\":\"https:\\\/\\\/benetflorentine.com\\\/fr\\\/#organization\"},\"potentialAction\":[{\"@type\":\"SearchAction\",\"target\":{\"@type\":\"EntryPoint\",\"urlTemplate\":\"https:\\\/\\\/benetflorentine.com\\\/fr\\\/?s={search_term_string}\"},\"query-input\":{\"@type\":\"PropertyValueSpecification\",\"valueRequired\":true,\"valueName\":\"search_term_string\"}}],\"inLanguage\":\"fr-FR\"},{\"@type\":\"Organization\",\"@id\":\"https:\\\/\\\/benetflorentine.com\\\/fr\\\/#organization\",\"name\":\"Ben &amp; Florentine\",\"url\":\"https:\\\/\\\/benetflorentine.com\\\/fr\\\/\",\"logo\":{\"@type\":\"ImageObject\",\"inLanguage\":\"fr-FR\",\"@id\":\"https:\\\/\\\/benetflorentine.com\\\/fr\\\/#\\\/schema\\\/logo\\\/image\\\/\",\"url\":\"http:\\\/\\\/143.110.209.188\\\/wp-content\\\/uploads\\\/2020\\\/02\\\/cropped-benflorentine_logo.png\",\"contentUrl\":\"http:\\\/\\\/143.110.209.188\\\/wp-content\\\/uploads\\\/2020\\\/02\\\/cropped-benflorentine_logo.png\",\"width\":553,\"height\":206,\"caption\":\"Ben &amp; Florentine\"},\"image\":{\"@id\":\"https:\\\/\\\/benetflorentine.com\\\/fr\\\/#\\\/schema\\\/logo\\\/image\\\/\"}}]}<\/script>\n<!-- \/ Yoast SEO plugin. -->","yoast_head_json":{"title":"Sandwichs d\u00e9jeuners et burgers - menu | Ben & Florentine","description":"Que du bon plac\u00e9 entre 2 pains pour le d\u00e9jeuner ou le brunch. D\u00e9couvrez notre menu sandwichs d\u00e9jeuners et burgers.","robots":{"index":"index","follow":"follow","max-snippet":"max-snippet:-1","max-image-preview":"max-image-preview:large","max-video-preview":"max-video-preview:-1"},"canonical":"http:\/\/143.110.209.188\/fr\/menu\/sandwichs-burgers\/","og_locale":"fr_FR","og_type":"article","og_title":"Sandwichs d\u00e9jeuners et burgers - menu | Ben & Florentine","og_description":"Que du bon plac\u00e9 entre 2 pains pour le d\u00e9jeuner ou le brunch. D\u00e9couvrez notre menu sandwichs d\u00e9jeuners et burgers.","og_url":"http:\/\/143.110.209.188\/fr\/menu\/sandwichs-burgers\/","og_site_name":"Ben &amp; Florentine","article_modified_time":"2025-10-06T22:24:08+00:00","og_image":[{"width":2560,"height":1326,"url":"https:\/\/benetflorentine.com\/wp-content\/uploads\/2020\/02\/sandwich-croque-dejeuner.jpg","type":"image\/jpeg"}],"twitter_card":"summary_large_image","twitter_misc":{"Dur\u00e9e de lecture estim\u00e9e":"1 minute"},"schema":{"@context":"https:\/\/schema.org","@graph":[{"@type":"WebPage","@id":"http:\/\/143.110.209.188\/fr\/menu\/sandwichs-burgers\/","url":"http:\/\/143.110.209.188\/fr\/menu\/sandwichs-burgers\/","name":"Sandwichs d\u00e9jeuners et burgers - menu | Ben & Florentine","isPartOf":{"@id":"https:\/\/benetflorentine.com\/fr\/#website"},"primaryImageOfPage":{"@id":"http:\/\/143.110.209.188\/fr\/menu\/sandwichs-burgers\/#primaryimage"},"image":{"@id":"http:\/\/143.110.209.188\/fr\/menu\/sandwichs-burgers\/#primaryimage"},"thumbnailUrl":"http:\/\/143.110.209.188\/wp-content\/uploads\/2020\/02\/sandwich-croque-dejeuner.jpg","datePublished":"2020-02-04T14:43:07+00:00","dateModified":"2025-10-06T22:24:08+00:00","description":"Que du bon plac\u00e9 entre 2 pains pour le d\u00e9jeuner ou le brunch. D\u00e9couvrez notre menu sandwichs d\u00e9jeuners et burgers.","breadcrumb":{"@id":"http:\/\/143.110.209.188\/fr\/menu\/sandwichs-burgers\/#breadcrumb"},"inLanguage":"fr-FR","potentialAction":[{"@type":"ReadAction","target":["http:\/\/143.110.209.188\/fr\/menu\/sandwichs-burgers\/"]}]},{"@type":"ImageObject","inLanguage":"fr-FR","@id":"http:\/\/143.110.209.188\/fr\/menu\/sandwichs-burgers\/#primaryimage","url":"http:\/\/143.110.209.188\/wp-content\/uploads\/2020\/02\/sandwich-croque-dejeuner.jpg","contentUrl":"http:\/\/143.110.209.188\/wp-content\/uploads\/2020\/02\/sandwich-croque-dejeuner.jpg","width":2560,"height":1326,"caption":"Sandwich croque d\u00e9jeuner"},{"@type":"BreadcrumbList","@id":"http:\/\/143.110.209.188\/fr\/menu\/sandwichs-burgers\/#breadcrumb","itemListElement":[{"@type":"ListItem","position":1,"name":"Menu","item":"https:\/\/benetflorentine.com\/fr\/menu\/"},{"@type":"ListItem","position":2,"name":"Sandwichs &amp; Poutines"}]},{"@type":"WebSite","@id":"https:\/\/benetflorentine.com\/fr\/#website","url":"https:\/\/benetflorentine.com\/fr\/","name":"Ben &amp; Florentine","description":"Brunch &amp; Breakfast\u200e","publisher":{"@id":"https:\/\/benetflorentine.com\/fr\/#organization"},"potentialAction":[{"@type":"SearchAction","target":{"@type":"EntryPoint","urlTemplate":"https:\/\/benetflorentine.com\/fr\/?s={search_term_string}"},"query-input":{"@type":"PropertyValueSpecification","valueRequired":true,"valueName":"search_term_string"}}],"inLanguage":"fr-FR"},{"@type":"Organization","@id":"https:\/\/benetflorentine.com\/fr\/#organization","name":"Ben &amp; Florentine","url":"https:\/\/benetflorentine.com\/fr\/","logo":{"@type":"ImageObject","inLanguage":"fr-FR","@id":"https:\/\/benetflorentine.com\/fr\/#\/schema\/logo\/image\/","url":"http:\/\/143.110.209.188\/wp-content\/uploads\/2020\/02\/cropped-benflorentine_logo.png","contentUrl":"http:\/\/143.110.209.188\/wp-content\/uploads\/2020\/02\/cropped-benflorentine_logo.png","width":553,"height":206,"caption":"Ben &amp; Florentine"},"image":{"@id":"https:\/\/benetflorentine.com\/fr\/#\/schema\/logo\/image\/"}}]}},"_links":{"self":[{"href":"http:\/\/143.110.209.188\/fr\/wp-json\/wp\/v2\/pages\/433","targetHints":{"allow":["GET"]}}],"collection":[{"href":"http:\/\/143.110.209.188\/fr\/wp-json\/wp\/v2\/pages"}],"about":[{"href":"http:\/\/143.110.209.188\/fr\/wp-json\/wp\/v2\/types\/page"}],"author":[{"embeddable":true,"href":"http:\/\/143.110.209.188\/fr\/wp-json\/wp\/v2\/users\/10"}],"replies":[{"embeddable":true,"href":"http:\/\/143.110.209.188\/fr\/wp-json\/wp\/v2\/comments?post=433"}],"version-history":[{"count":55,"href":"http:\/\/143.110.209.188\/fr\/wp-json\/wp\/v2\/pages\/433\/revisions"}],"predecessor-version":[{"id":20084,"href":"http:\/\/143.110.209.188\/fr\/wp-json\/wp\/v2\/pages\/433\/revisions\/20084"}],"up":[{"embeddable":true,"href":"http:\/\/143.110.209.188\/fr\/wp-json\/wp\/v2\/pages\/55"}],"wp:featuredmedia":[{"embeddable":true,"href":"http:\/\/143.110.209.188\/fr\/wp-json\/wp\/v2\/media\/2250"}],"wp:attachment":[{"href":"http:\/\/143.110.209.188\/fr\/wp-json\/wp\/v2\/media?parent=433"}],"wp:term":[{"taxonomy":"category","embeddable":true,"href":"http:\/\/143.110.209.188\/fr\/wp-json\/wp\/v2\/categories?post=433"},{"taxonomy":"post_tag","embeddable":true,"href":"http:\/\/143.110.209.188\/fr\/wp-json\/wp\/v2\/tags?post=433"}],"curies":[{"name":"wp","href":"https:\/\/api.w.org\/{rel}","templated":true}]}}