{"id":436,"date":"2020-02-04T09:43:05","date_gmt":"2020-02-04T14:43:05","guid":{"rendered":"https:\/\/benetflorentine.com\/gourmet-selection\/"},"modified":"2025-07-31T11:09:23","modified_gmt":"2025-07-31T15:09:23","slug":"crepes","status":"publish","type":"page","link":"http:\/\/143.110.209.188\/fr\/menu\/crepes\/","title":{"rendered":"Cr\u00eapes, Pancakes,<strong> Gaufres &amp; Pains dor\u00e9<\/strong>s"},"content":{"rendered":"<div class=\"gb-container gb-container-0b062dd1 staticPage-header-container menuPage alignfull\"><div class=\"gb-inside-container\">\n\n<h1 class=\"wp-block-heading\">Cr\u00eapes, Pancakes, <strong>Gaufres &amp; Pains dor\u00e9s<\/strong><\/h1>\n\n\n\n<p class=\"gb-headline gb-headline-6e7c5f81 gb-headline-text\"><span style=\"display:block;\">Qui dit brunch dit un petit quelque chose de sp\u00e9cial dans l\u2019assiette!<\/span> Laissez-vous tenter par nos g\u00e9n\u00e9reuses portions, quelles soient sucr\u00e9es ou sal\u00e9es.<\/p>\n\n<\/div><\/div>\n\n\n<div class=\"gb-headline gb-headline-c646a201 gb-headline-text subMenu-anchor\" id=\"dents-sucrees\"><\/div>\n\n\n<div class=\"gb-grid-wrapper gb-grid-wrapper-66aaa19e grid-menu\">\n<div class=\"gb-grid-column gb-grid-column-a89f9c43\"><div class=\"gb-container gb-container-a89f9c43 grid-menu-image\"><div class=\"gb-inside-container\"><\/div><\/div><\/div>\n\n<div class=\"gb-grid-column gb-grid-column-aa4ef3e5\"><div class=\"gb-container gb-container-aa4ef3e5 grid-menu-text\"><div class=\"gb-inside-container\">\n\n<h2 class=\"wp-block-heading\"><strong><strong>Notre s\u00e9lection<\/strong><\/strong><\/h2>\n\n\n\n<div class=\"gb-grid-wrapper gb-grid-wrapper-542308cf gb-query-loop-wrapper\">\n<div class=\"gb-grid-column gb-grid-column-6dda88fe gb-query-loop-item post-18482 produits type-produits status-publish hentry category-crepes\"><div class=\"gb-container gb-container-6dda88fe\"><div class=\"gb-inside-container\">\n<h3 class=\"gb-headline gb-headline-4dcb8768 gb-headline-text\">Pain dor\u00e9 croustillant mascarpone &amp; compote maison<\/h3>\n\n<p class=\"gb-headline gb-headline-59bc1b02 gb-headline-text\">Pains dor\u00e9s croustillants, mascarpone, granola et compote de petits fruits maison<\/p>\n<\/div><\/div><\/div>\n\n<div class=\"gb-grid-column gb-grid-column-6dda88fe gb-query-loop-item post-14575 produits type-produits status-publish hentry category-benetflorentine category-crepes\"><div class=\"gb-container gb-container-6dda88fe\"><div class=\"gb-inside-container\">\n<h3 class=\"gb-headline gb-headline-4dcb8768 gb-headline-text\">Cr\u00eape jambon effiloch\u00e9 \u00e0 l&rsquo;ancienne &#038; cheddar<\/h3>\n\n<p class=\"gb-headline gb-headline-59bc1b02 gb-headline-text\">Cr\u00eape garnie de jambon effiloch\u00e9 \u00e0 l\u2019ancienne, \u00e9pinard, m\u00e9lange de Monterey Jack et cheddar. Servie avec de la sauce hollandaise, nos\nfameuses pommes de terre et des fruits frais<\/p>\n<\/div><\/div><\/div>\n\n<div class=\"gb-grid-column gb-grid-column-6dda88fe gb-query-loop-item post-10452 produits type-produits status-publish hentry category-crepes\"><div class=\"gb-container gb-container-6dda88fe\"><div class=\"gb-inside-container\">\n<h3 class=\"gb-headline gb-headline-4dcb8768 gb-headline-text\">Gaufre fruits frais &#038; cr\u00e8me anglaise<\/h3>\n\n<p class=\"gb-headline gb-headline-59bc1b02 gb-headline-text\">Changez votre gaufre par une cr\u00eape, un pain dor\u00e9 ou un pancake.<\/p>\n<\/div><\/div><\/div>\n\n<div class=\"gb-grid-column gb-grid-column-6dda88fe gb-query-loop-item post-10449 produits type-produits status-publish hentry category-crepes\"><div class=\"gb-container gb-container-6dda88fe\"><div class=\"gb-inside-container\">\n<h3 class=\"gb-headline gb-headline-4dcb8768 gb-headline-text\">Pancake bananes, fraises, choco &amp; cr\u00e8me anglaise<\/h3>\n\n<p class=\"gb-headline gb-headline-59bc1b02 gb-headline-text\">Bananes et fraises avec cr\u00e8me anglaise et chocolat aux noisettes. Changez votre cr\u00eape par une gaufre,\nun pain dor\u00e9 ou un pancake.<\/p>\n<\/div><\/div><\/div>\n\n<div class=\"gb-grid-column gb-grid-column-6dda88fe gb-query-loop-item post-3068 produits type-produits status-publish hentry category-benetflorentine category-crepes\"><div class=\"gb-container gb-container-6dda88fe\"><div class=\"gb-inside-container\">\n<h3 class=\"gb-headline gb-headline-4dcb8768 gb-headline-text\">Cr\u00eape pommes &#038; cheddar<\/h3>\n\n<p class=\"gb-headline gb-headline-59bc1b02 gb-headline-text\">Pommes caram\u00e9lis\u00e9es, m\u00e9lange de Monterey Jack et cheddar, amandes, caramel et yogourt \u00e0 la vanille.<\/p>\n<\/div><\/div><\/div>\n\n<div class=\"gb-grid-column gb-grid-column-6dda88fe gb-query-loop-item post-3064 produits type-produits status-publish hentry category-benetflorentine category-crepes\"><div class=\"gb-container gb-container-6dda88fe\"><div class=\"gb-inside-container\">\n<h3 class=\"gb-headline gb-headline-4dcb8768 gb-headline-text\">Pain dor\u00e9 croustillant &#038; pommes caramel<\/h3>\n\n<p class=\"gb-headline gb-headline-59bc1b02 gb-headline-text\">Pain dor\u00e9 croustillant, pommes caram\u00e9lis\u00e9es, amandes, caramel et yogourt \u00e0 la vanille.<\/p>\n<\/div><\/div><\/div>\n<\/div>\n\n<\/div><\/div><\/div>\n<\/div>\n\n\n<div class=\"gb-headline gb-headline-0960ec1a gb-headline-text menuPage-background\"><\/div>\n\n\n\n<div class=\"wp-block-columns page-promotion-container is-layout-flex wp-container-core-columns-is-layout-9d6595d7 wp-block-columns-is-layout-flex\">\n<div class=\"wp-block-column is-layout-flow wp-block-column-is-layout-flow\"><div class=\"gb-container gb-container-20b354c9 page-promotion-block\"><div class=\"gb-inside-container\">\n\n<div class=\"wp-block-columns is-layout-flex wp-container-core-columns-is-layout-9d6595d7 wp-block-columns-is-layout-flex\">\n<div class=\"wp-block-column is-layout-flow wp-block-column-is-layout-flow\">\n<h2 class=\"gb-headline gb-headline-3e30c076 gb-headline-text\">Oeufs<br><strong>&amp; Omelettes<\/strong><\/h2>\n\n\n\n<p>D\u00e9couvrez nos classiques et nos classiques r\u00e9invent\u00e9s.<\/p>\n\n\n\n<div class=\"wp-block-buttons alignwide is-layout-flex wp-block-buttons-is-layout-flex\">\n<div class=\"wp-block-button button-outline aligncenter\"><a class=\"wp-block-button__link wp-element-button\" href=\"https:\/\/benetflorentine.com\/fr\/menu\/oeufs-omelettes\/\">D\u00e9couvrir<\/a><\/div>\n<\/div>\n<\/div>\n\n\n\n<div class=\"wp-block-column is-layout-flow wp-block-column-is-layout-flow\">\n<figure class=\"wp-block-image size-large\"><img decoding=\"async\" src=\"https:\/\/benetflorentine.com\/wp-content\/uploads\/2020\/05\/Oeufs-1.png\" alt=\"b\u00e9n\u00e9dictine pommes et bacon\"\/><\/figure>\n<\/div>\n<\/div>\n\n<\/div><\/div><\/div>\n\n\n\n<div class=\"wp-block-column is-layout-flow wp-block-column-is-layout-flow\"><div class=\"gb-container gb-container-d1c4ed44 page-promotion-block\"><div class=\"gb-inside-container\">\n\n<div class=\"wp-block-columns is-layout-flex wp-container-core-columns-is-layout-9d6595d7 wp-block-columns-is-layout-flex\">\n<div class=\"wp-block-column is-layout-flow wp-block-column-is-layout-flow\">\n<h2 class=\"gb-headline gb-headline-15fba11e gb-headline-text\">Po\u00eal\u00e9es&nbsp;<strong>\u00e0 l&rsquo;ancienne<\/strong><\/h2>\n\n\n\n<p>Rassasiez votre grand app\u00e9tit avec nos d\u00e9licieuses po\u00eal\u00e9es.<\/p>\n\n\n\n<div class=\"wp-block-buttons alignwide is-layout-flex wp-block-buttons-is-layout-flex\">\n<div class=\"wp-block-button button-outline aligncenter\"><a class=\"wp-block-button__link wp-element-button\" href=\"\/fr\/menu\/poelees\/\">D\u00e9couvrir<\/a><\/div>\n<\/div>\n<\/div>\n\n\n\n<div class=\"wp-block-column is-layout-flow wp-block-column-is-layout-flow\">\n<figure class=\"wp-block-image size-full\"><img decoding=\"async\" width=\"615\" height=\"778\" src=\"https:\/\/benetflorentine.com\/wp-content\/uploads\/2020\/04\/poelees-ancienne.png\" alt=\"po\u00eal\u00e9es ancienne\" class=\"wp-image-8226\" srcset=\"http:\/\/143.110.209.188\/wp-content\/uploads\/2020\/04\/poelees-ancienne.png 615w, http:\/\/143.110.209.188\/wp-content\/uploads\/2020\/04\/poelees-ancienne-316x400.png 316w, http:\/\/143.110.209.188\/wp-content\/uploads\/2020\/04\/poelees-ancienne-19x24.png 19w, http:\/\/143.110.209.188\/wp-content\/uploads\/2020\/04\/poelees-ancienne-28x36.png 28w, http:\/\/143.110.209.188\/wp-content\/uploads\/2020\/04\/poelees-ancienne-38x48.png 38w\" sizes=\"(max-width: 615px) 100vw, 615px\" \/><\/figure>\n<\/div>\n<\/div>\n\n<\/div><\/div><\/div>\n<\/div>\n","protected":false},"excerpt":{"rendered":"<p>Cr\u00eapes, Pancakes, Gaufres &amp; Pains dor\u00e9s Qui dit brunch dit un petit quelque chose de sp\u00e9cial dans l\u2019assiette! Laissez-vous tenter par nos g\u00e9n\u00e9reuses portions, quelles soient sucr\u00e9es ou sal\u00e9es. Oeufs&amp; Omelettes D\u00e9couvrez nos classiques et nos classiques r\u00e9invent\u00e9s. Po\u00eal\u00e9es&nbsp;\u00e0 l&rsquo;ancienne Rassasiez votre grand app\u00e9tit avec nos d\u00e9licieuses po\u00eal\u00e9es.<\/p>\n","protected":false},"author":10,"featured_media":12123,"parent":55,"menu_order":0,"comment_status":"closed","ping_status":"closed","template":"","meta":{"inline_featured_image":false,"footnotes":""},"categories":[],"tags":[],"class_list":["post-436","page","type-page","status-publish","has-post-thumbnail"],"yoast_head":"<!-- This site is optimized with the Yoast SEO plugin v27.3 - https:\/\/yoast.com\/product\/yoast-seo-wordpress\/ -->\n<title>Cr\u00eape, pancake, gaufre, pain dor\u00e9 - menu | Ben &amp; Florentine<\/title>\n<meta name=\"description\" content=\"De type gourmand au d\u00e9jeuner ou au brunch? D\u00e9couvrez notre grande offre de cr\u00eapes, pancakes, gaufres et pain dor\u00e9.\" \/>\n<meta name=\"robots\" content=\"index, follow, max-snippet:-1, max-image-preview:large, max-video-preview:-1\" \/>\n<link rel=\"canonical\" href=\"http:\/\/143.110.209.188\/fr\/menu\/crepes\/\" \/>\n<meta property=\"og:locale\" content=\"fr_FR\" \/>\n<meta property=\"og:type\" content=\"article\" \/>\n<meta property=\"og:title\" content=\"Cr\u00eape, pancake, gaufre, pain dor\u00e9 - menu | Ben &amp; Florentine\" \/>\n<meta property=\"og:description\" content=\"De type gourmand au d\u00e9jeuner ou au brunch? D\u00e9couvrez notre grande offre de cr\u00eapes, pancakes, gaufres et pain dor\u00e9.\" \/>\n<meta property=\"og:url\" content=\"http:\/\/143.110.209.188\/fr\/menu\/crepes\/\" \/>\n<meta property=\"og:site_name\" content=\"Ben &amp; Florentine\" \/>\n<meta property=\"article:modified_time\" content=\"2025-07-31T15:09:23+00:00\" \/>\n<meta property=\"og:image\" content=\"https:\/\/benetflorentine.com\/wp-content\/uploads\/2020\/02\/gourmandise-gaufre-choix-ben.jpg\" \/>\n\t<meta property=\"og:image:width\" content=\"2000\" \/>\n\t<meta property=\"og:image:height\" content=\"1036\" \/>\n\t<meta property=\"og:image:type\" content=\"image\/jpeg\" \/>\n<meta name=\"twitter:card\" content=\"summary_large_image\" \/>\n<meta name=\"twitter:label1\" content=\"Dur\u00e9e de lecture estim\u00e9e\" \/>\n\t<meta name=\"twitter:data1\" content=\"1 minute\" \/>\n<script type=\"application\/ld+json\" class=\"yoast-schema-graph\">{\"@context\":\"https:\\\/\\\/schema.org\",\"@graph\":[{\"@type\":\"WebPage\",\"@id\":\"http:\\\/\\\/143.110.209.188\\\/fr\\\/menu\\\/crepes\\\/\",\"url\":\"http:\\\/\\\/143.110.209.188\\\/fr\\\/menu\\\/crepes\\\/\",\"name\":\"Cr\u00eape, pancake, gaufre, pain dor\u00e9 - menu | Ben & Florentine\",\"isPartOf\":{\"@id\":\"https:\\\/\\\/benetflorentine.com\\\/fr\\\/#website\"},\"primaryImageOfPage\":{\"@id\":\"http:\\\/\\\/143.110.209.188\\\/fr\\\/menu\\\/crepes\\\/#primaryimage\"},\"image\":{\"@id\":\"http:\\\/\\\/143.110.209.188\\\/fr\\\/menu\\\/crepes\\\/#primaryimage\"},\"thumbnailUrl\":\"http:\\\/\\\/143.110.209.188\\\/wp-content\\\/uploads\\\/2020\\\/02\\\/gourmandise-gaufre-choix-ben.jpg\",\"datePublished\":\"2020-02-04T14:43:05+00:00\",\"dateModified\":\"2025-07-31T15:09:23+00:00\",\"description\":\"De type gourmand au d\u00e9jeuner ou au brunch? D\u00e9couvrez notre grande offre de cr\u00eapes, pancakes, gaufres et pain dor\u00e9.\",\"breadcrumb\":{\"@id\":\"http:\\\/\\\/143.110.209.188\\\/fr\\\/menu\\\/crepes\\\/#breadcrumb\"},\"inLanguage\":\"fr-FR\",\"potentialAction\":[{\"@type\":\"ReadAction\",\"target\":[\"http:\\\/\\\/143.110.209.188\\\/fr\\\/menu\\\/crepes\\\/\"]}]},{\"@type\":\"ImageObject\",\"inLanguage\":\"fr-FR\",\"@id\":\"http:\\\/\\\/143.110.209.188\\\/fr\\\/menu\\\/crepes\\\/#primaryimage\",\"url\":\"http:\\\/\\\/143.110.209.188\\\/wp-content\\\/uploads\\\/2020\\\/02\\\/gourmandise-gaufre-choix-ben.jpg\",\"contentUrl\":\"http:\\\/\\\/143.110.209.188\\\/wp-content\\\/uploads\\\/2020\\\/02\\\/gourmandise-gaufre-choix-ben.jpg\",\"width\":2000,\"height\":1036,\"caption\":\"Plan rapproch\u00e9 d'une gauffre surmont\u00e9e de fraise, banane, chocolat et cr\u00e8me fouett\u00e9e.\"},{\"@type\":\"BreadcrumbList\",\"@id\":\"http:\\\/\\\/143.110.209.188\\\/fr\\\/menu\\\/crepes\\\/#breadcrumb\",\"itemListElement\":[{\"@type\":\"ListItem\",\"position\":1,\"name\":\"Menu\",\"item\":\"https:\\\/\\\/benetflorentine.com\\\/fr\\\/menu\\\/\"},{\"@type\":\"ListItem\",\"position\":2,\"name\":\"Cr\u00eapes, Pancakes, Gaufres &amp; Pains dor\u00e9s\"}]},{\"@type\":\"WebSite\",\"@id\":\"https:\\\/\\\/benetflorentine.com\\\/fr\\\/#website\",\"url\":\"https:\\\/\\\/benetflorentine.com\\\/fr\\\/\",\"name\":\"Ben &amp; Florentine\",\"description\":\"Brunch &amp; Breakfast\u200e\",\"publisher\":{\"@id\":\"https:\\\/\\\/benetflorentine.com\\\/fr\\\/#organization\"},\"potentialAction\":[{\"@type\":\"SearchAction\",\"target\":{\"@type\":\"EntryPoint\",\"urlTemplate\":\"https:\\\/\\\/benetflorentine.com\\\/fr\\\/?s={search_term_string}\"},\"query-input\":{\"@type\":\"PropertyValueSpecification\",\"valueRequired\":true,\"valueName\":\"search_term_string\"}}],\"inLanguage\":\"fr-FR\"},{\"@type\":\"Organization\",\"@id\":\"https:\\\/\\\/benetflorentine.com\\\/fr\\\/#organization\",\"name\":\"Ben &amp; Florentine\",\"url\":\"https:\\\/\\\/benetflorentine.com\\\/fr\\\/\",\"logo\":{\"@type\":\"ImageObject\",\"inLanguage\":\"fr-FR\",\"@id\":\"https:\\\/\\\/benetflorentine.com\\\/fr\\\/#\\\/schema\\\/logo\\\/image\\\/\",\"url\":\"http:\\\/\\\/143.110.209.188\\\/wp-content\\\/uploads\\\/2020\\\/02\\\/cropped-benflorentine_logo.png\",\"contentUrl\":\"http:\\\/\\\/143.110.209.188\\\/wp-content\\\/uploads\\\/2020\\\/02\\\/cropped-benflorentine_logo.png\",\"width\":553,\"height\":206,\"caption\":\"Ben &amp; Florentine\"},\"image\":{\"@id\":\"https:\\\/\\\/benetflorentine.com\\\/fr\\\/#\\\/schema\\\/logo\\\/image\\\/\"}}]}<\/script>\n<!-- \/ Yoast SEO plugin. -->","yoast_head_json":{"title":"Cr\u00eape, pancake, gaufre, pain dor\u00e9 - menu | Ben & Florentine","description":"De type gourmand au d\u00e9jeuner ou au brunch? D\u00e9couvrez notre grande offre de cr\u00eapes, pancakes, gaufres et pain dor\u00e9.","robots":{"index":"index","follow":"follow","max-snippet":"max-snippet:-1","max-image-preview":"max-image-preview:large","max-video-preview":"max-video-preview:-1"},"canonical":"http:\/\/143.110.209.188\/fr\/menu\/crepes\/","og_locale":"fr_FR","og_type":"article","og_title":"Cr\u00eape, pancake, gaufre, pain dor\u00e9 - menu | Ben & Florentine","og_description":"De type gourmand au d\u00e9jeuner ou au brunch? D\u00e9couvrez notre grande offre de cr\u00eapes, pancakes, gaufres et pain dor\u00e9.","og_url":"http:\/\/143.110.209.188\/fr\/menu\/crepes\/","og_site_name":"Ben &amp; Florentine","article_modified_time":"2025-07-31T15:09:23+00:00","og_image":[{"width":2000,"height":1036,"url":"https:\/\/benetflorentine.com\/wp-content\/uploads\/2020\/02\/gourmandise-gaufre-choix-ben.jpg","type":"image\/jpeg"}],"twitter_card":"summary_large_image","twitter_misc":{"Dur\u00e9e de lecture estim\u00e9e":"1 minute"},"schema":{"@context":"https:\/\/schema.org","@graph":[{"@type":"WebPage","@id":"http:\/\/143.110.209.188\/fr\/menu\/crepes\/","url":"http:\/\/143.110.209.188\/fr\/menu\/crepes\/","name":"Cr\u00eape, pancake, gaufre, pain dor\u00e9 - menu | Ben & Florentine","isPartOf":{"@id":"https:\/\/benetflorentine.com\/fr\/#website"},"primaryImageOfPage":{"@id":"http:\/\/143.110.209.188\/fr\/menu\/crepes\/#primaryimage"},"image":{"@id":"http:\/\/143.110.209.188\/fr\/menu\/crepes\/#primaryimage"},"thumbnailUrl":"http:\/\/143.110.209.188\/wp-content\/uploads\/2020\/02\/gourmandise-gaufre-choix-ben.jpg","datePublished":"2020-02-04T14:43:05+00:00","dateModified":"2025-07-31T15:09:23+00:00","description":"De type gourmand au d\u00e9jeuner ou au brunch? D\u00e9couvrez notre grande offre de cr\u00eapes, pancakes, gaufres et pain dor\u00e9.","breadcrumb":{"@id":"http:\/\/143.110.209.188\/fr\/menu\/crepes\/#breadcrumb"},"inLanguage":"fr-FR","potentialAction":[{"@type":"ReadAction","target":["http:\/\/143.110.209.188\/fr\/menu\/crepes\/"]}]},{"@type":"ImageObject","inLanguage":"fr-FR","@id":"http:\/\/143.110.209.188\/fr\/menu\/crepes\/#primaryimage","url":"http:\/\/143.110.209.188\/wp-content\/uploads\/2020\/02\/gourmandise-gaufre-choix-ben.jpg","contentUrl":"http:\/\/143.110.209.188\/wp-content\/uploads\/2020\/02\/gourmandise-gaufre-choix-ben.jpg","width":2000,"height":1036,"caption":"Plan rapproch\u00e9 d'une gauffre surmont\u00e9e de fraise, banane, chocolat et cr\u00e8me fouett\u00e9e."},{"@type":"BreadcrumbList","@id":"http:\/\/143.110.209.188\/fr\/menu\/crepes\/#breadcrumb","itemListElement":[{"@type":"ListItem","position":1,"name":"Menu","item":"https:\/\/benetflorentine.com\/fr\/menu\/"},{"@type":"ListItem","position":2,"name":"Cr\u00eapes, Pancakes, Gaufres &amp; Pains dor\u00e9s"}]},{"@type":"WebSite","@id":"https:\/\/benetflorentine.com\/fr\/#website","url":"https:\/\/benetflorentine.com\/fr\/","name":"Ben &amp; Florentine","description":"Brunch &amp; Breakfast\u200e","publisher":{"@id":"https:\/\/benetflorentine.com\/fr\/#organization"},"potentialAction":[{"@type":"SearchAction","target":{"@type":"EntryPoint","urlTemplate":"https:\/\/benetflorentine.com\/fr\/?s={search_term_string}"},"query-input":{"@type":"PropertyValueSpecification","valueRequired":true,"valueName":"search_term_string"}}],"inLanguage":"fr-FR"},{"@type":"Organization","@id":"https:\/\/benetflorentine.com\/fr\/#organization","name":"Ben &amp; Florentine","url":"https:\/\/benetflorentine.com\/fr\/","logo":{"@type":"ImageObject","inLanguage":"fr-FR","@id":"https:\/\/benetflorentine.com\/fr\/#\/schema\/logo\/image\/","url":"http:\/\/143.110.209.188\/wp-content\/uploads\/2020\/02\/cropped-benflorentine_logo.png","contentUrl":"http:\/\/143.110.209.188\/wp-content\/uploads\/2020\/02\/cropped-benflorentine_logo.png","width":553,"height":206,"caption":"Ben &amp; Florentine"},"image":{"@id":"https:\/\/benetflorentine.com\/fr\/#\/schema\/logo\/image\/"}}]}},"_links":{"self":[{"href":"http:\/\/143.110.209.188\/fr\/wp-json\/wp\/v2\/pages\/436","targetHints":{"allow":["GET"]}}],"collection":[{"href":"http:\/\/143.110.209.188\/fr\/wp-json\/wp\/v2\/pages"}],"about":[{"href":"http:\/\/143.110.209.188\/fr\/wp-json\/wp\/v2\/types\/page"}],"author":[{"embeddable":true,"href":"http:\/\/143.110.209.188\/fr\/wp-json\/wp\/v2\/users\/10"}],"replies":[{"embeddable":true,"href":"http:\/\/143.110.209.188\/fr\/wp-json\/wp\/v2\/comments?post=436"}],"version-history":[{"count":41,"href":"http:\/\/143.110.209.188\/fr\/wp-json\/wp\/v2\/pages\/436\/revisions"}],"predecessor-version":[{"id":19768,"href":"http:\/\/143.110.209.188\/fr\/wp-json\/wp\/v2\/pages\/436\/revisions\/19768"}],"up":[{"embeddable":true,"href":"http:\/\/143.110.209.188\/fr\/wp-json\/wp\/v2\/pages\/55"}],"wp:featuredmedia":[{"embeddable":true,"href":"http:\/\/143.110.209.188\/fr\/wp-json\/wp\/v2\/media\/12123"}],"wp:attachment":[{"href":"http:\/\/143.110.209.188\/fr\/wp-json\/wp\/v2\/media?parent=436"}],"wp:term":[{"taxonomy":"category","embeddable":true,"href":"http:\/\/143.110.209.188\/fr\/wp-json\/wp\/v2\/categories?post=436"},{"taxonomy":"post_tag","embeddable":true,"href":"http:\/\/143.110.209.188\/fr\/wp-json\/wp\/v2\/tags?post=436"}],"curies":[{"name":"wp","href":"https:\/\/api.w.org\/{rel}","templated":true}]}}